{"id":16985,"date":"2025-03-28T14:58:09","date_gmt":"2025-03-28T13:58:09","guid":{"rendered":"https:\/\/office-samurai.com\/typ-karriere\/"},"modified":"2025-04-17T14:18:40","modified_gmt":"2025-04-17T12:18:40","slug":"typ-karriere","status":"publish","type":"page","link":"https:\/\/office-samurai.com\/de\/typ-karriere\/","title":{"rendered":"TYP Karriere"},"content":{"rendered":"\t\t<div data-elementor-type=\"wp-page\" data-elementor-id=\"16985\" class=\"elementor elementor-16985 elementor-15195\" data-elementor-post-type=\"page\">\n\t\t\t\t<div class=\"elementor-element elementor-element-f1144c8 e-flex e-con-boxed e-con e-parent\" data-id=\"f1144c8\" data-element_type=\"container\" data-e-type=\"container\" data-settings=\"{&quot;jet_parallax_layout_list&quot;:[]}\">\n\t\t\t\t\t<div class=\"e-con-inner\">\n\t\t<div class=\"elementor-element elementor-element-c89d11e e-con-full e-flex e-con e-child\" data-id=\"c89d11e\" data-element_type=\"container\" data-e-type=\"container\" data-settings=\"{&quot;jet_parallax_layout_list&quot;:[]}\">\n\t\t<div class=\"elementor-element elementor-element-52d258d e-con-full e-flex e-con e-child\" data-id=\"52d258d\" data-element_type=\"container\" data-e-type=\"container\" data-settings=\"{&quot;position&quot;:&quot;absolute&quot;,&quot;jet_parallax_layout_list&quot;:[]}\">\n\t\t\t\t<div class=\"elementor-element elementor-element-5e91c58 elementor-widget elementor-widget-image\" data-id=\"5e91c58\" data-element_type=\"widget\" data-e-type=\"widget\" data-widget_type=\"image.default\">\n\t\t\t\t<div class=\"elementor-widget-container\">\n\t\t\t\t\t\t\t\t\t\t\t\t\t\t\t<img fetchpriority=\"high\" decoding=\"async\" width=\"877\" height=\"640\" src=\"https:\/\/office-samurai.com\/wp-content\/uploads\/2025\/03\/officesamurai-great-job.png\" class=\"attachment-full size-full wp-image-15198\" alt=\"\" srcset=\"https:\/\/office-samurai.com\/wp-content\/uploads\/2025\/03\/officesamurai-great-job.png 877w, https:\/\/office-samurai.com\/wp-content\/uploads\/2025\/03\/officesamurai-great-job-300x219.png 300w, https:\/\/office-samurai.com\/wp-content\/uploads\/2025\/03\/officesamurai-great-job-768x560.png 768w\" sizes=\"(max-width: 877px) 100vw, 877px\" \/>\t\t\t\t\t\t\t\t\t\t\t\t\t\t\t<\/div>\n\t\t\t\t<\/div>\n\t\t\t\t<\/div>\n\t\t\t\t<\/div>\n\t\t<div class=\"elementor-element elementor-element-ad32614 e-con-full e-flex e-con e-child\" data-id=\"ad32614\" data-element_type=\"container\" data-e-type=\"container\" data-settings=\"{&quot;jet_parallax_layout_list&quot;:[]}\">\n\t\t<div class=\"elementor-element elementor-element-973b26c e-con-full e-flex e-con e-child\" data-id=\"973b26c\" data-element_type=\"container\" data-e-type=\"container\" data-settings=\"{&quot;background_background&quot;:&quot;classic&quot;,&quot;jet_parallax_layout_list&quot;:[]}\">\n\t\t\t\t<div class=\"elementor-element elementor-element-bc57550 elementor-widget elementor-widget-heading\" data-id=\"bc57550\" data-element_type=\"widget\" data-e-type=\"widget\" data-widget_type=\"heading.default\">\n\t\t\t\t<div class=\"elementor-widget-container\">\n\t\t\t\t\t<h1 class=\"elementor-heading-title elementor-size-default\">Sie haben gro\u00dfartige Arbeit geleistet!<\/h1>\t\t\t\t<\/div>\n\t\t\t\t<\/div>\n\t\t\t\t<div class=\"elementor-element elementor-element-eff06f8 elementor-widget elementor-widget-text-editor\" data-id=\"eff06f8\" data-element_type=\"widget\" data-e-type=\"widget\" data-widget_type=\"text-editor.default\">\n\t\t\t\t<div class=\"elementor-widget-container\">\n\t\t\t\t\t\t\t\t\t<p>Vielen Dank f\u00fcr Ihre Bewerbung &#8211; ein toller Schritt! Wir haben Ihren Lebenslauf erhalten &#8211; Sie werden bald von uns h\u00f6ren (kein Ghosting, wir versprechen es). Belohnen Sie sich in der Zwischenzeit mit einem Kaffee, entspannen Sie sich und erfahren Sie mehr dar\u00fcber, wer wir sind und was wir tun.  <\/p>\n\t\t\t\t\t\t\t\t<\/div>\n\t\t\t\t<\/div>\n\t\t<div class=\"elementor-element elementor-element-9a37039 e-con-full e-flex e-con e-child\" data-id=\"9a37039\" data-element_type=\"container\" data-e-type=\"container\" data-settings=\"{&quot;jet_parallax_layout_list&quot;:[]}\">\n\t\t\t\t<div class=\"elementor-element elementor-element-5118d84 elementor-align-left elementor-mobile-align-justify elementor-widget elementor-widget-button\" data-id=\"5118d84\" data-element_type=\"widget\" data-e-type=\"widget\" data-widget_type=\"button.default\">\n\t\t\t\t<div class=\"elementor-widget-container\">\n\t\t\t\t\t\t\t\t\t<div class=\"elementor-button-wrapper\">\n\t\t\t\t\t<a class=\"elementor-button elementor-button-link elementor-size-sm\" href=\"https:\/\/office-samurai.com\/de\/\">\n\t\t\t\t\t\t<span class=\"elementor-button-content-wrapper\">\n\t\t\t\t\t\t\t\t\t<span class=\"elementor-button-text\">Zur\u00fcck zur Homepage<\/span>\n\t\t\t\t\t<\/span>\n\t\t\t\t\t<\/a>\n\t\t\t\t<\/div>\n\t\t\t\t\t\t\t\t<\/div>\n\t\t\t\t<\/div>\n\t\t\t\t<div class=\"elementor-element elementor-element-77dbad7 elementor-widget elementor-widget-button\" data-id=\"77dbad7\" data-element_type=\"widget\" data-e-type=\"widget\" data-widget_type=\"button.default\">\n\t\t\t\t<div class=\"elementor-widget-container\">\n\t\t\t\t\t\t\t\t\t<div class=\"elementor-button-wrapper\">\n\t\t\t\t\t<a class=\"elementor-button elementor-button-link elementor-size-sm\" href=\"https:\/\/office-samurai.com\/de\/treffen-sie-unser-team\/\">\n\t\t\t\t\t\t<span class=\"elementor-button-content-wrapper\">\n\t\t\t\t\t\t\t\t\t<span class=\"elementor-button-text\">Treffen Sie unser Team<\/span>\n\t\t\t\t\t<\/span>\n\t\t\t\t\t<\/a>\n\t\t\t\t<\/div>\n\t\t\t\t\t\t\t\t<\/div>\n\t\t\t\t<\/div>\n\t\t\t\t<\/div>\n\t\t\t\t<\/div>\n\t\t\t\t<\/div>\n\t\t\t\t\t<\/div>\n\t\t\t\t<\/div>\n\t\t\t\t<\/div>\n\t\t","protected":false},"excerpt":{"rendered":"<p>Sie haben gro\u00dfartige Arbeit geleistet! Vielen Dank f\u00fcr Ihre Bewerbung &#8211; ein toller Schritt! Wir haben Ihren Lebenslauf erhalten &#8211; Sie werden bald von uns h\u00f6ren (kein Ghosting, wir versprechen es). Belohnen Sie sich in der Zwischenzeit mit einem Kaffee, entspannen Sie sich und erfahren Sie mehr dar\u00fcber, wer wir sind und was wir tun. [&hellip;]<\/p>\n","protected":false},"author":1,"featured_media":0,"parent":0,"menu_order":0,"comment_status":"closed","ping_status":"closed","template":"elementor_header_footer","meta":{"_acf_changed":false,"inline_featured_image":false,"footnotes":""},"class_list":["post-16985","page","type-page","status-publish","hentry"],"acf":[],"_links":{"self":[{"href":"https:\/\/office-samurai.com\/de\/wp-json\/wp\/v2\/pages\/16985","targetHints":{"allow":["GET"]}}],"collection":[{"href":"https:\/\/office-samurai.com\/de\/wp-json\/wp\/v2\/pages"}],"about":[{"href":"https:\/\/office-samurai.com\/de\/wp-json\/wp\/v2\/types\/page"}],"author":[{"embeddable":true,"href":"https:\/\/office-samurai.com\/de\/wp-json\/wp\/v2\/users\/1"}],"replies":[{"embeddable":true,"href":"https:\/\/office-samurai.com\/de\/wp-json\/wp\/v2\/comments?post=16985"}],"version-history":[{"count":0,"href":"https:\/\/office-samurai.com\/de\/wp-json\/wp\/v2\/pages\/16985\/revisions"}],"wp:attachment":[{"href":"https:\/\/office-samurai.com\/de\/wp-json\/wp\/v2\/media?parent=16985"}],"curies":[{"name":"wp","href":"https:\/\/api.w.org\/{rel}","templated":true}]}}