{"id":17005,"date":"2024-10-15T21:59:52","date_gmt":"2024-10-15T19:59:52","guid":{"rendered":"https:\/\/office-samurai.com\/dankeschon-seite\/"},"modified":"2026-04-15T14:42:35","modified_gmt":"2026-04-15T12:42:35","slug":"dankeschon-seite","status":"publish","type":"page","link":"https:\/\/office-samurai.com\/de\/dankeschon-seite\/","title":{"rendered":"Dankesch\u00f6n-Seite"},"content":{"rendered":"\t\t<div data-elementor-type=\"wp-page\" data-elementor-id=\"17005\" class=\"elementor elementor-17005 elementor-2048\" data-elementor-post-type=\"page\">\n\t\t\t\t<div data-dce-background-image-url=\"https:\/\/office-samurai.com\/wp-content\/uploads\/2024\/10\/officesamurai-thank-you-for-contacting-us.png\" class=\"elementor-element elementor-element-76d353f e-flex e-con-boxed e-con e-parent\" data-id=\"76d353f\" data-element_type=\"container\" data-e-type=\"container\" data-settings=\"{&quot;background_background&quot;:&quot;classic&quot;,&quot;jet_parallax_layout_list&quot;:[]}\">\n\t\t\t\t\t<div class=\"e-con-inner\">\n\t\t<div class=\"elementor-element elementor-element-4058514 e-con-full e-flex e-con e-child\" data-id=\"4058514\" data-element_type=\"container\" data-e-type=\"container\" data-settings=\"{&quot;background_background&quot;:&quot;classic&quot;,&quot;jet_parallax_layout_list&quot;:[]}\">\n\t\t\t\t<div class=\"elementor-element elementor-element-91c5a63 elementor-widget elementor-widget-heading\" data-id=\"91c5a63\" data-element_type=\"widget\" data-e-type=\"widget\" data-widget_type=\"heading.default\">\n\t\t\t\t<div class=\"elementor-widget-container\">\n\t\t\t\t\t<h1 class=\"elementor-heading-title elementor-size-default\">Vielen Dank, dass Sie mit uns Kontakt aufnehmen<\/h1>\t\t\t\t<\/div>\n\t\t\t\t<\/div>\n\t\t\t\t<div class=\"elementor-element elementor-element-9b9a475 elementor-widget elementor-widget-text-editor\" data-id=\"9b9a475\" data-element_type=\"widget\" data-e-type=\"widget\" data-widget_type=\"text-editor.default\">\n\t\t\t\t<div class=\"elementor-widget-container\">\n\t\t\t\t\t\t\t\t\t<p>Ihre Nachricht wurde erfolgreich \u00fcbermittelt &#8211; wir werden uns innerhalb eines Tages bei Ihnen melden.<\/p>\t\t\t\t\t\t\t\t<\/div>\n\t\t\t\t<\/div>\n\t\t\t\t<div class=\"elementor-element elementor-element-a443ba6 elementor-widget elementor-widget-text-editor\" data-id=\"a443ba6\" data-element_type=\"widget\" data-e-type=\"widget\" data-widget_type=\"text-editor.default\">\n\t\t\t\t<div class=\"elementor-widget-container\">\n\t\t\t\t\t\t\t\t\t<p>Es war ein einfaches Kontaktformular, aber ein greifbarer Beweis daf\u00fcr, dass Automatisierungen funktionieren. Bald werden Sie Ihr eigenes erstellen. <\/p>\t\t\t\t\t\t\t\t<\/div>\n\t\t\t\t<\/div>\n\t\t<div class=\"elementor-element elementor-element-77ea08d e-con-full e-flex e-con e-child\" data-id=\"77ea08d\" data-element_type=\"container\" data-e-type=\"container\" data-settings=\"{&quot;jet_parallax_layout_list&quot;:[]}\">\n\t\t\t\t<div class=\"elementor-element elementor-element-7e80f03 elementor-align-center elementor-mobile-align-justify elementor-widget elementor-widget-button\" data-id=\"7e80f03\" data-element_type=\"widget\" data-e-type=\"widget\" data-widget_type=\"button.default\">\n\t\t\t\t<div class=\"elementor-widget-container\">\n\t\t\t\t\t\t\t\t\t<div class=\"elementor-button-wrapper\">\n\t\t\t\t\t<a class=\"elementor-button elementor-button-link elementor-size-sm\" href=\"https:\/\/office-samurai.com\/de\/\">\n\t\t\t\t\t\t<span class=\"elementor-button-content-wrapper\">\n\t\t\t\t\t\t\t\t\t<span class=\"elementor-button-text\">Zur\u00fcck zur Homepage<\/span>\n\t\t\t\t\t<\/span>\n\t\t\t\t\t<\/a>\n\t\t\t\t<\/div>\n\t\t\t\t\t\t\t\t<\/div>\n\t\t\t\t<\/div>\n\t\t\t\t<div data-dce-background-color=\"#FFFFFF00\" class=\"elementor-element elementor-element-b794797 elementor-widget elementor-widget-button\" data-id=\"b794797\" data-element_type=\"widget\" data-e-type=\"widget\" data-widget_type=\"button.default\">\n\t\t\t\t<div class=\"elementor-widget-container\">\n\t\t\t\t\t\t\t\t\t<div class=\"elementor-button-wrapper\">\n\t\t\t\t\t<a class=\"elementor-button elementor-button-link elementor-size-sm\" href=\"#our-services\">\n\t\t\t\t\t\t<span class=\"elementor-button-content-wrapper\">\n\t\t\t\t\t\t<span class=\"elementor-button-icon\">\n\t\t\t\t<svg xmlns=\"http:\/\/www.w3.org\/2000\/svg\" width=\"16\" height=\"17\" viewBox=\"0 0 16 17\" fill=\"none\"><path d=\"M14 8.5L8 14.5L2 8.5\" stroke=\"#141414\" stroke-width=\"1.25\" stroke-miterlimit=\"10\"><\/path><path d=\"M8 14.5L8 2.5\" stroke=\"#141414\" stroke-width=\"1.25\" stroke-miterlimit=\"10\"><\/path><\/svg>\t\t\t<\/span>\n\t\t\t\t\t\t\t\t\t<span class=\"elementor-button-text\">Entdecken Sie unsere Dienstleistungen<\/span>\n\t\t\t\t\t<\/span>\n\t\t\t\t\t<\/a>\n\t\t\t\t<\/div>\n\t\t\t\t\t\t\t\t<\/div>\n\t\t\t\t<\/div>\n\t\t\t\t<\/div>\n\t\t\t\t<\/div>\n\t\t\t\t\t<\/div>\n\t\t\t\t<\/div>\n\t\t<div class=\"elementor-element elementor-element-1b9f515 e-flex e-con-boxed e-con e-parent\" data-id=\"1b9f515\" data-element_type=\"container\" data-e-type=\"container\" id=\"our-services\" data-settings=\"{&quot;jet_parallax_layout_list&quot;:[],&quot;background_background&quot;:&quot;classic&quot;}\">\n\t\t\t\t\t<div class=\"e-con-inner\">\n\t\t<div class=\"elementor-element elementor-element-468fedc e-con-full e-flex e-con e-child\" data-id=\"468fedc\" data-element_type=\"container\" data-e-type=\"container\" data-settings=\"{&quot;jet_parallax_layout_list&quot;:[]}\">\n\t\t\t\t<div class=\"elementor-element elementor-element-b95113c elementor-widget-divider--view-line elementor-widget elementor-widget-divider\" data-id=\"b95113c\" data-element_type=\"widget\" data-e-type=\"widget\" data-widget_type=\"divider.default\">\n\t\t\t\t<div class=\"elementor-widget-container\">\n\t\t\t\t\t\t\t<div class=\"elementor-divider\">\n\t\t\t<span class=\"elementor-divider-separator\">\n\t\t\t\t\t\t<\/span>\n\t\t<\/div>\n\t\t\t\t\t\t<\/div>\n\t\t\t\t<\/div>\n\t\t<div class=\"elementor-element elementor-element-ccffcc6 e-con-full e-flex e-con e-child\" data-id=\"ccffcc6\" data-element_type=\"container\" data-e-type=\"container\" data-settings=\"{&quot;jet_parallax_layout_list&quot;:[]}\">\n\t\t\t\t<div class=\"elementor-element elementor-element-74c4020 elementor-widget elementor-widget-heading\" data-id=\"74c4020\" data-element_type=\"widget\" data-e-type=\"widget\" data-widget_type=\"heading.default\">\n\t\t\t\t<div class=\"elementor-widget-container\">\n\t\t\t\t\t<h2 class=\"elementor-heading-title elementor-size-default\">Unsere Kunden arbeiten mit uns zusammen, wenn es um die Verbesserung von Gesch\u00e4ftsprozessen, Robotic Process Automation und KI geht.<\/h2>\t\t\t\t<\/div>\n\t\t\t\t<\/div>\n\t\t\t\t<div class=\"elementor-element elementor-element-5362a1d elementor-widget elementor-widget-text-editor\" data-id=\"5362a1d\" data-element_type=\"widget\" data-e-type=\"widget\" data-widget_type=\"text-editor.default\">\n\t\t\t\t<div class=\"elementor-widget-container\">\n\t\t\t\t\t\t\t\t\t<p>Office Samurai schlie\u00dft die L\u00fccke zwischen traditioneller robotergest\u00fctzter Prozessautomatisierung und Technologien der k\u00fcnstlichen Intelligenz und sorgt so f\u00fcr Geschwindigkeit, Effizienz und geringere Kosten bei Unternehmensdienstleistungen. Unser Fachwissen erstreckt sich \u00fcber verschiedene Bereiche, darunter Beratung, spezialisierte Schulungsprogramme, Projektbereitstellung und Mitarbeiter-Leasingdienste. <\/p>\t\t\t\t\t\t\t\t<\/div>\n\t\t\t\t<\/div>\n\t\t\t\t<\/div>\n\t\t\t\t<\/div>\n\t\t<div class=\"elementor-element elementor-element-0846fec e-con-full e-grid e-con e-child\" data-id=\"0846fec\" data-element_type=\"container\" data-e-type=\"container\" data-settings=\"{&quot;jet_parallax_layout_list&quot;:[]}\">\n\t\t<a class=\"elementor-element elementor-element-f4e3c74 e-con-full e-flex e-con e-child\" data-id=\"f4e3c74\" data-element_type=\"container\" data-e-type=\"container\" data-settings=\"{&quot;background_background&quot;:&quot;classic&quot;,&quot;jet_parallax_layout_list&quot;:[]}\" href=\"https:\/\/office-samurai.com\/de\/beratung-zur-automatisierung\/\">\n\t\t<div class=\"elementor-element elementor-element-a2862cb e-con-full e-flex e-con e-child\" data-id=\"a2862cb\" data-element_type=\"container\" data-e-type=\"container\" data-settings=\"{&quot;jet_parallax_layout_list&quot;:[]}\">\n\t\t\t\t<div class=\"elementor-element elementor-element-edc82b7 elementor-widget elementor-widget-image\" data-id=\"edc82b7\" data-element_type=\"widget\" data-e-type=\"widget\" data-widget_type=\"image.default\">\n\t\t\t\t<div class=\"elementor-widget-container\">\n\t\t\t\t\t\t\t\t\t\t\t\t\t\t\t<img fetchpriority=\"high\" decoding=\"async\" width=\"304\" height=\"240\" src=\"https:\/\/office-samurai.com\/wp-content\/uploads\/2025\/01\/officesamurai-consulting.jpg\" class=\"attachment-large size-large wp-image-12755\" alt=\"\" srcset=\"https:\/\/office-samurai.com\/wp-content\/uploads\/2025\/01\/officesamurai-consulting.jpg 304w, https:\/\/office-samurai.com\/wp-content\/uploads\/2025\/01\/officesamurai-consulting-300x237.jpg 300w\" sizes=\"(max-width: 304px) 100vw, 304px\" \/>\t\t\t\t\t\t\t\t\t\t\t\t\t\t\t<\/div>\n\t\t\t\t<\/div>\n\t\t\t\t<\/div>\n\t\t<div class=\"elementor-element elementor-element-5a85302 e-con-full e-flex e-con e-child\" data-id=\"5a85302\" data-element_type=\"container\" data-e-type=\"container\" data-settings=\"{&quot;jet_parallax_layout_list&quot;:[]}\">\n\t\t<div class=\"elementor-element elementor-element-a997663 e-con-full e-flex e-con e-child\" data-id=\"a997663\" data-element_type=\"container\" data-e-type=\"container\" data-settings=\"{&quot;jet_parallax_layout_list&quot;:[]}\">\n\t\t\t\t<div class=\"elementor-element elementor-element-b6a4588 elementor-widget elementor-widget-heading\" data-id=\"b6a4588\" data-element_type=\"widget\" data-e-type=\"widget\" data-widget_type=\"heading.default\">\n\t\t\t\t<div class=\"elementor-widget-container\">\n\t\t\t\t\t<p class=\"elementor-heading-title elementor-size-default\">Consulting<\/p>\t\t\t\t<\/div>\n\t\t\t\t<\/div>\n\t\t\t\t<div class=\"elementor-element elementor-element-bc75eb4 elementor-widget elementor-widget-text-editor\" data-id=\"bc75eb4\" data-element_type=\"widget\" data-e-type=\"widget\" data-widget_type=\"text-editor.default\">\n\t\t\t\t<div class=\"elementor-widget-container\">\n\t\t\t\t\t\t\t\t\t<p>Unser Unternehmen ist auf Automatisierungstechnologien, die Verbesserung von Gesch\u00e4ftsprozessen und Managementberatung spezialisiert. Wir setzen unser Fachwissen ein, um Ihnen zu helfen, Ihr Automatisierungsprogramm in Gang zu bringen, zu beschleunigen oder zu bewerten. <\/p>\t\t\t\t\t\t\t\t<\/div>\n\t\t\t\t<\/div>\n\t\t\t\t<\/div>\n\t\t\t\t<div class=\"elementor-element elementor-element-026a441 fake-button elementor-widget elementor-widget-text-editor\" data-id=\"026a441\" data-element_type=\"widget\" data-e-type=\"widget\" data-widget_type=\"text-editor.default\">\n\t\t\t\t<div class=\"elementor-widget-container\">\n\t\t\t\t\t\t\t\t\t<p>Mehr lesen<\/p>\t\t\t\t\t\t\t\t<\/div>\n\t\t\t\t<\/div>\n\t\t\t\t<\/div>\n\t\t\t\t<\/a>\n\t\t<a class=\"elementor-element elementor-element-afc3462 e-con-full e-flex e-con e-child\" data-id=\"afc3462\" data-element_type=\"container\" data-e-type=\"container\" data-settings=\"{&quot;background_background&quot;:&quot;classic&quot;,&quot;jet_parallax_layout_list&quot;:[]}\" href=\"https:\/\/office-samurai.com\/de\/lieferung-von-dienstleistungen\/\">\n\t\t<div class=\"elementor-element elementor-element-6be78b8 e-con-full e-flex e-con e-child\" data-id=\"6be78b8\" data-element_type=\"container\" data-e-type=\"container\" data-settings=\"{&quot;jet_parallax_layout_list&quot;:[]}\">\n\t\t\t\t<div class=\"elementor-element elementor-element-c3605e0 elementor-widget elementor-widget-image\" data-id=\"c3605e0\" data-element_type=\"widget\" data-e-type=\"widget\" data-widget_type=\"image.default\">\n\t\t\t\t<div class=\"elementor-widget-container\">\n\t\t\t\t\t\t\t\t\t\t\t\t\t\t\t<img decoding=\"async\" width=\"304\" height=\"240\" src=\"https:\/\/office-samurai.com\/wp-content\/uploads\/2025\/01\/officesamurai-service-delivery.jpg\" class=\"attachment-large size-large wp-image-12759\" alt=\"\" srcset=\"https:\/\/office-samurai.com\/wp-content\/uploads\/2025\/01\/officesamurai-service-delivery.jpg 304w, https:\/\/office-samurai.com\/wp-content\/uploads\/2025\/01\/officesamurai-service-delivery-300x237.jpg 300w\" sizes=\"(max-width: 304px) 100vw, 304px\" \/>\t\t\t\t\t\t\t\t\t\t\t\t\t\t\t<\/div>\n\t\t\t\t<\/div>\n\t\t\t\t<\/div>\n\t\t<div class=\"elementor-element elementor-element-e57a589 e-con-full e-flex e-con e-child\" data-id=\"e57a589\" data-element_type=\"container\" data-e-type=\"container\" data-settings=\"{&quot;jet_parallax_layout_list&quot;:[]}\">\n\t\t<div class=\"elementor-element elementor-element-3a0e5e3 e-con-full e-flex e-con e-child\" data-id=\"3a0e5e3\" data-element_type=\"container\" data-e-type=\"container\" data-settings=\"{&quot;jet_parallax_layout_list&quot;:[]}\">\n\t\t\t\t<div class=\"elementor-element elementor-element-223f35f elementor-widget elementor-widget-heading\" data-id=\"223f35f\" data-element_type=\"widget\" data-e-type=\"widget\" data-widget_type=\"heading.default\">\n\t\t\t\t<div class=\"elementor-widget-container\">\n\t\t\t\t\t<p class=\"elementor-heading-title elementor-size-default\">Lieferung von Dienstleistungen<\/p>\t\t\t\t<\/div>\n\t\t\t\t<\/div>\n\t\t\t\t<div class=\"elementor-element elementor-element-44e662b elementor-widget elementor-widget-text-editor\" data-id=\"44e662b\" data-element_type=\"widget\" data-e-type=\"widget\" data-widget_type=\"text-editor.default\">\n\t\t\t\t<div class=\"elementor-widget-container\">\n\t\t\t\t\t\t\t\t\t<p>Die Automatisierung von Prozessen mit RPA und Machine-Learning-Modellen ist unser t\u00e4gliches Gesch\u00e4ft. Wir arbeiten mit einer breiten Palette von Plattformen und Tools, die wir je nach Ihren Anforderungen oder Ihrer bestehenden Umgebung ausw\u00e4hlen. <\/p>\t\t\t\t\t\t\t\t<\/div>\n\t\t\t\t<\/div>\n\t\t\t\t<\/div>\n\t\t\t\t<div class=\"elementor-element elementor-element-4713fe4 fake-button elementor-widget elementor-widget-text-editor\" data-id=\"4713fe4\" data-element_type=\"widget\" data-e-type=\"widget\" data-widget_type=\"text-editor.default\">\n\t\t\t\t<div class=\"elementor-widget-container\">\n\t\t\t\t\t\t\t\t\t<p>Mehr lesen<\/p>\t\t\t\t\t\t\t\t<\/div>\n\t\t\t\t<\/div>\n\t\t\t\t<\/div>\n\t\t\t\t<\/a>\n\t\t<a class=\"elementor-element elementor-element-c278798 e-con-full e-flex e-con e-child\" data-id=\"c278798\" data-element_type=\"container\" data-e-type=\"container\" data-settings=\"{&quot;background_background&quot;:&quot;classic&quot;,&quot;jet_parallax_layout_list&quot;:[]}\" href=\"https:\/\/office-samurai.com\/ssc-courses\/\">\n\t\t<div class=\"elementor-element elementor-element-766d25e e-con-full e-flex e-con e-child\" data-id=\"766d25e\" data-element_type=\"container\" data-e-type=\"container\" data-settings=\"{&quot;jet_parallax_layout_list&quot;:[]}\">\n\t\t\t\t<div class=\"elementor-element elementor-element-8a577a7 elementor-widget elementor-widget-image\" data-id=\"8a577a7\" data-element_type=\"widget\" data-e-type=\"widget\" data-widget_type=\"image.default\">\n\t\t\t\t<div class=\"elementor-widget-container\">\n\t\t\t\t\t\t\t\t\t\t\t\t\t\t\t<img decoding=\"async\" width=\"304\" height=\"240\" src=\"https:\/\/office-samurai.com\/wp-content\/uploads\/2025\/01\/officesamurai-trainings.jpg\" class=\"attachment-large size-large wp-image-12763\" alt=\"\" srcset=\"https:\/\/office-samurai.com\/wp-content\/uploads\/2025\/01\/officesamurai-trainings.jpg 304w, https:\/\/office-samurai.com\/wp-content\/uploads\/2025\/01\/officesamurai-trainings-300x237.jpg 300w\" sizes=\"(max-width: 304px) 100vw, 304px\" \/>\t\t\t\t\t\t\t\t\t\t\t\t\t\t\t<\/div>\n\t\t\t\t<\/div>\n\t\t\t\t<\/div>\n\t\t<div class=\"elementor-element elementor-element-7e487b0 e-con-full e-flex e-con e-child\" data-id=\"7e487b0\" data-element_type=\"container\" data-e-type=\"container\" data-settings=\"{&quot;jet_parallax_layout_list&quot;:[]}\">\n\t\t<div class=\"elementor-element elementor-element-ae3b08b e-con-full e-flex e-con e-child\" data-id=\"ae3b08b\" data-element_type=\"container\" data-e-type=\"container\" data-settings=\"{&quot;jet_parallax_layout_list&quot;:[]}\">\n\t\t\t\t<div class=\"elementor-element elementor-element-617ffb6 elementor-widget elementor-widget-heading\" data-id=\"617ffb6\" data-element_type=\"widget\" data-e-type=\"widget\" data-widget_type=\"heading.default\">\n\t\t\t\t<div class=\"elementor-widget-container\">\n\t\t\t\t\t<p class=\"elementor-heading-title elementor-size-default\">Ausbildung<\/p>\t\t\t\t<\/div>\n\t\t\t\t<\/div>\n\t\t\t\t<div class=\"elementor-element elementor-element-4982630 elementor-widget elementor-widget-text-editor\" data-id=\"4982630\" data-element_type=\"widget\" data-e-type=\"widget\" data-widget_type=\"text-editor.default\">\n\t\t\t\t<div class=\"elementor-widget-container\">\n\t\t\t\t\t\t\t\t\t<p>Wir haben uns auf Schulungen f\u00fcr Prozessautomatisierung und Lean Management spezialisiert. Unser Angebot reicht von Einsteigerkursen in RPA und KI bis hin zu Fortgeschrittenenkursen f\u00fcr Business Analysten, RPA-Entwickler und RPA-Projektmanager. <\/p>\t\t\t\t\t\t\t\t<\/div>\n\t\t\t\t<\/div>\n\t\t\t\t<\/div>\n\t\t\t\t<div class=\"elementor-element elementor-element-af55170 fake-button elementor-widget elementor-widget-text-editor\" data-id=\"af55170\" data-element_type=\"widget\" data-e-type=\"widget\" data-widget_type=\"text-editor.default\">\n\t\t\t\t<div class=\"elementor-widget-container\">\n\t\t\t\t\t\t\t\t\t<p>Mehr lesen<\/p>\t\t\t\t\t\t\t\t<\/div>\n\t\t\t\t<\/div>\n\t\t\t\t<\/div>\n\t\t\t\t<\/a>\n\t\t<a class=\"elementor-element elementor-element-50f5d96 e-con-full e-flex e-con e-child\" data-id=\"50f5d96\" data-element_type=\"container\" data-e-type=\"container\" data-settings=\"{&quot;background_background&quot;:&quot;classic&quot;,&quot;jet_parallax_layout_list&quot;:[]}\" href=\"https:\/\/office-samurai.com\/de\/personalverstaerkungsdienst\/\">\n\t\t<div class=\"elementor-element elementor-element-c5afa67 e-con-full e-flex e-con e-child\" data-id=\"c5afa67\" data-element_type=\"container\" data-e-type=\"container\" data-settings=\"{&quot;jet_parallax_layout_list&quot;:[]}\">\n\t\t\t\t<div class=\"elementor-element elementor-element-4b89e9b elementor-widget elementor-widget-image\" data-id=\"4b89e9b\" data-element_type=\"widget\" data-e-type=\"widget\" data-widget_type=\"image.default\">\n\t\t\t\t<div class=\"elementor-widget-container\">\n\t\t\t\t\t\t\t\t\t\t\t\t\t\t\t<img loading=\"lazy\" decoding=\"async\" width=\"304\" height=\"240\" src=\"https:\/\/office-samurai.com\/wp-content\/uploads\/2025\/01\/officesamurai-staff-augumentation.jpg\" class=\"attachment-large size-large wp-image-12767\" alt=\"\" srcset=\"https:\/\/office-samurai.com\/wp-content\/uploads\/2025\/01\/officesamurai-staff-augumentation.jpg 304w, https:\/\/office-samurai.com\/wp-content\/uploads\/2025\/01\/officesamurai-staff-augumentation-300x237.jpg 300w\" sizes=\"(max-width: 304px) 100vw, 304px\" \/>\t\t\t\t\t\t\t\t\t\t\t\t\t\t\t<\/div>\n\t\t\t\t<\/div>\n\t\t\t\t<\/div>\n\t\t<div class=\"elementor-element elementor-element-8f538c0 e-con-full e-flex e-con e-child\" data-id=\"8f538c0\" data-element_type=\"container\" data-e-type=\"container\" data-settings=\"{&quot;jet_parallax_layout_list&quot;:[]}\">\n\t\t<div class=\"elementor-element elementor-element-b6d0d2e e-con-full e-flex e-con e-child\" data-id=\"b6d0d2e\" data-element_type=\"container\" data-e-type=\"container\" data-settings=\"{&quot;jet_parallax_layout_list&quot;:[]}\">\n\t\t\t\t<div class=\"elementor-element elementor-element-a058cb3 elementor-widget elementor-widget-heading\" data-id=\"a058cb3\" data-element_type=\"widget\" data-e-type=\"widget\" data-widget_type=\"heading.default\">\n\t\t\t\t<div class=\"elementor-widget-container\">\n\t\t\t\t\t<p class=\"elementor-heading-title elementor-size-default\">Personalaufstockung<\/p>\t\t\t\t<\/div>\n\t\t\t\t<\/div>\n\t\t\t\t<div class=\"elementor-element elementor-element-99be391 elementor-widget elementor-widget-text-editor\" data-id=\"99be391\" data-element_type=\"widget\" data-e-type=\"widget\" data-widget_type=\"text-editor.default\">\n\t\t\t\t<div class=\"elementor-widget-container\">\n\t\t\t\t\t\t\t\t\t<p>Wir bieten Zugang zu menschlicher Arbeitskraft. Die Spezialisten von Office Samurai verf\u00fcgen \u00fcber Kompetenzen in verschiedenen Bereichen wie Softwareentwicklung, API-Integration, Probleml\u00f6sung, Projektumsetzung und Lean Management. <\/p>\t\t\t\t\t\t\t\t<\/div>\n\t\t\t\t<\/div>\n\t\t\t\t<\/div>\n\t\t\t\t<div class=\"elementor-element elementor-element-8251b57 fake-button elementor-widget elementor-widget-text-editor\" data-id=\"8251b57\" data-element_type=\"widget\" data-e-type=\"widget\" data-widget_type=\"text-editor.default\">\n\t\t\t\t<div class=\"elementor-widget-container\">\n\t\t\t\t\t\t\t\t\t<p>Mehr lesen<\/p>\t\t\t\t\t\t\t\t<\/div>\n\t\t\t\t<\/div>\n\t\t\t\t<\/div>\n\t\t\t\t<\/a>\n\t\t\t\t<\/div>\n\t\t\t\t\t<\/div>\n\t\t\t\t<\/div>\n\t\t\t\t<\/div>\n\t\t","protected":false},"excerpt":{"rendered":"<p>Vielen Dank, dass Sie mit uns Kontakt aufnehmen Ihre Nachricht wurde erfolgreich \u00fcbermittelt &#8211; wir werden uns innerhalb eines Tages bei Ihnen melden. Es war ein einfaches Kontaktformular, aber ein greifbarer Beweis daf\u00fcr, dass Automatisierungen funktionieren. Bald werden Sie Ihr eigenes erstellen. Zur\u00fcck zur Homepage Entdecken Sie unsere Dienstleistungen Unsere Kunden arbeiten mit uns zusammen, [&hellip;]<\/p>\n","protected":false},"author":1,"featured_media":12247,"parent":0,"menu_order":0,"comment_status":"closed","ping_status":"closed","template":"elementor_header_footer","meta":{"_acf_changed":false,"inline_featured_image":false,"footnotes":""},"class_list":["post-17005","page","type-page","status-publish","has-post-thumbnail","hentry"],"acf":[],"_links":{"self":[{"href":"https:\/\/office-samurai.com\/de\/wp-json\/wp\/v2\/pages\/17005","targetHints":{"allow":["GET"]}}],"collection":[{"href":"https:\/\/office-samurai.com\/de\/wp-json\/wp\/v2\/pages"}],"about":[{"href":"https:\/\/office-samurai.com\/de\/wp-json\/wp\/v2\/types\/page"}],"author":[{"embeddable":true,"href":"https:\/\/office-samurai.com\/de\/wp-json\/wp\/v2\/users\/1"}],"replies":[{"embeddable":true,"href":"https:\/\/office-samurai.com\/de\/wp-json\/wp\/v2\/comments?post=17005"}],"version-history":[{"count":2,"href":"https:\/\/office-samurai.com\/de\/wp-json\/wp\/v2\/pages\/17005\/revisions"}],"predecessor-version":[{"id":23294,"href":"https:\/\/office-samurai.com\/de\/wp-json\/wp\/v2\/pages\/17005\/revisions\/23294"}],"wp:featuredmedia":[{"embeddable":true,"href":"https:\/\/office-samurai.com\/de\/wp-json\/wp\/v2\/media\/12247"}],"wp:attachment":[{"href":"https:\/\/office-samurai.com\/de\/wp-json\/wp\/v2\/media?parent=17005"}],"curies":[{"name":"wp","href":"https:\/\/api.w.org\/{rel}","templated":true}]}}