{"id":17003,"date":"2024-10-15T21:59:52","date_gmt":"2024-10-15T19:59:52","guid":{"rendered":"https:\/\/office-samurai.com\/aciu-puslapis\/"},"modified":"2026-04-15T14:45:21","modified_gmt":"2026-04-15T12:45:21","slug":"aciu-puslapis","status":"publish","type":"page","link":"https:\/\/office-samurai.com\/lt\/aciu-puslapis\/","title":{"rendered":"A\u010di\u016b puslapis"},"content":{"rendered":"\t\t<div data-elementor-type=\"wp-page\" data-elementor-id=\"17003\" class=\"elementor elementor-17003 elementor-2048\" data-elementor-post-type=\"page\">\n\t\t\t\t<div data-dce-background-image-url=\"https:\/\/office-samurai.com\/wp-content\/uploads\/2024\/10\/officesamurai-thank-you-for-contacting-us.png\" class=\"elementor-element elementor-element-76d353f e-flex e-con-boxed e-con e-parent\" data-id=\"76d353f\" data-element_type=\"container\" data-e-type=\"container\" data-settings=\"{&quot;background_background&quot;:&quot;classic&quot;,&quot;jet_parallax_layout_list&quot;:[]}\">\n\t\t\t\t\t<div class=\"e-con-inner\">\n\t\t<div class=\"elementor-element elementor-element-4058514 e-con-full e-flex e-con e-child\" data-id=\"4058514\" data-element_type=\"container\" data-e-type=\"container\" data-settings=\"{&quot;background_background&quot;:&quot;classic&quot;,&quot;jet_parallax_layout_list&quot;:[]}\">\n\t\t\t\t<div class=\"elementor-element elementor-element-91c5a63 elementor-widget elementor-widget-heading\" data-id=\"91c5a63\" data-element_type=\"widget\" data-e-type=\"widget\" data-widget_type=\"heading.default\">\n\t\t\t\t<div class=\"elementor-widget-container\">\n\t\t\t\t\t<h1 class=\"elementor-heading-title elementor-size-default\">D\u0117kojame, kad susisiek\u0117te su mumis<\/h1>\t\t\t\t<\/div>\n\t\t\t\t<\/div>\n\t\t\t\t<div class=\"elementor-element elementor-element-9b9a475 elementor-widget elementor-widget-text-editor\" data-id=\"9b9a475\" data-element_type=\"widget\" data-e-type=\"widget\" data-widget_type=\"text-editor.default\">\n\t\t\t\t<div class=\"elementor-widget-container\">\n\t\t\t\t\t\t\t\t\t<p>J\u016bs\u0173 \u017einut\u0117 s\u0117kmingai pateikta &#8211; su jumis susisieksime per vien\u0105 dien\u0105.<\/p>\t\t\t\t\t\t\t\t<\/div>\n\t\t\t\t<\/div>\n\t\t\t\t<div class=\"elementor-element elementor-element-a443ba6 elementor-widget elementor-widget-text-editor\" data-id=\"a443ba6\" data-element_type=\"widget\" data-e-type=\"widget\" data-widget_type=\"text-editor.default\">\n\t\t\t\t<div class=\"elementor-widget-container\">\n\t\t\t\t\t\t\t\t\t<p>Tai buvo paprasta kontakt\u0173 forma, ta\u010diau ap\u010diuopiamas \u012frodymas, kad automatizavimas veikia. Netrukus sukursite sav\u0105j\u0105. <\/p>\t\t\t\t\t\t\t\t<\/div>\n\t\t\t\t<\/div>\n\t\t<div class=\"elementor-element elementor-element-77ea08d e-con-full e-flex e-con e-child\" data-id=\"77ea08d\" data-element_type=\"container\" data-e-type=\"container\" data-settings=\"{&quot;jet_parallax_layout_list&quot;:[]}\">\n\t\t\t\t<div class=\"elementor-element elementor-element-7e80f03 elementor-align-center elementor-mobile-align-justify elementor-widget elementor-widget-button\" data-id=\"7e80f03\" data-element_type=\"widget\" data-e-type=\"widget\" data-widget_type=\"button.default\">\n\t\t\t\t<div class=\"elementor-widget-container\">\n\t\t\t\t\t\t\t\t\t<div class=\"elementor-button-wrapper\">\n\t\t\t\t\t<a class=\"elementor-button elementor-button-link elementor-size-sm\" href=\"https:\/\/office-samurai.com\/lt\/\">\n\t\t\t\t\t\t<span class=\"elementor-button-content-wrapper\">\n\t\t\t\t\t\t\t\t\t<span class=\"elementor-button-text\">Gr\u012f\u017eti \u012f pagrindin\u012f puslap\u012f<\/span>\n\t\t\t\t\t<\/span>\n\t\t\t\t\t<\/a>\n\t\t\t\t<\/div>\n\t\t\t\t\t\t\t\t<\/div>\n\t\t\t\t<\/div>\n\t\t\t\t<div class=\"elementor-element elementor-element-b794797 elementor-widget elementor-widget-button\" data-id=\"b794797\" data-element_type=\"widget\" data-e-type=\"widget\" data-widget_type=\"button.default\">\n\t\t\t\t<div class=\"elementor-widget-container\">\n\t\t\t\t\t\t\t\t\t<div class=\"elementor-button-wrapper\">\n\t\t\t\t\t<a class=\"elementor-button elementor-button-link elementor-size-sm\" href=\"#our-services\">\n\t\t\t\t\t\t<span class=\"elementor-button-content-wrapper\">\n\t\t\t\t\t\t<span class=\"elementor-button-icon\">\n\t\t\t\t<svg xmlns=\"http:\/\/www.w3.org\/2000\/svg\" width=\"16\" height=\"17\" viewBox=\"0 0 16 17\" fill=\"none\"><path d=\"M14 8.5L8 14.5L2 8.5\" stroke=\"#141414\" stroke-width=\"1.25\" stroke-miterlimit=\"10\"><\/path><path d=\"M8 14.5L8 2.5\" stroke=\"#141414\" stroke-width=\"1.25\" stroke-miterlimit=\"10\"><\/path><\/svg>\t\t\t<\/span>\n\t\t\t\t\t\t\t\t\t<span class=\"elementor-button-text\">Atraskite m\u016bs\u0173 paslaugas<\/span>\n\t\t\t\t\t<\/span>\n\t\t\t\t\t<\/a>\n\t\t\t\t<\/div>\n\t\t\t\t\t\t\t\t<\/div>\n\t\t\t\t<\/div>\n\t\t\t\t<\/div>\n\t\t\t\t<\/div>\n\t\t\t\t\t<\/div>\n\t\t\t\t<\/div>\n\t\t<div class=\"elementor-element elementor-element-1b9f515 e-flex e-con-boxed e-con e-parent\" data-id=\"1b9f515\" data-element_type=\"container\" data-e-type=\"container\" id=\"our-services\" data-settings=\"{&quot;jet_parallax_layout_list&quot;:[],&quot;background_background&quot;:&quot;classic&quot;}\">\n\t\t\t\t\t<div class=\"e-con-inner\">\n\t\t<div class=\"elementor-element elementor-element-468fedc e-con-full e-flex e-con e-child\" data-id=\"468fedc\" data-element_type=\"container\" data-e-type=\"container\" data-settings=\"{&quot;jet_parallax_layout_list&quot;:[]}\">\n\t\t\t\t<div class=\"elementor-element elementor-element-b95113c elementor-widget-divider--view-line elementor-widget elementor-widget-divider\" data-id=\"b95113c\" data-element_type=\"widget\" data-e-type=\"widget\" data-widget_type=\"divider.default\">\n\t\t\t\t<div class=\"elementor-widget-container\">\n\t\t\t\t\t\t\t<div class=\"elementor-divider\">\n\t\t\t<span class=\"elementor-divider-separator\">\n\t\t\t\t\t\t<\/span>\n\t\t<\/div>\n\t\t\t\t\t\t<\/div>\n\t\t\t\t<\/div>\n\t\t<div class=\"elementor-element elementor-element-ccffcc6 e-con-full e-flex e-con e-child\" data-id=\"ccffcc6\" data-element_type=\"container\" data-e-type=\"container\" data-settings=\"{&quot;jet_parallax_layout_list&quot;:[]}\">\n\t\t\t\t<div class=\"elementor-element elementor-element-74c4020 elementor-widget elementor-widget-heading\" data-id=\"74c4020\" data-element_type=\"widget\" data-e-type=\"widget\" data-widget_type=\"heading.default\">\n\t\t\t\t<div class=\"elementor-widget-container\">\n\t\t\t\t\t<h2 class=\"elementor-heading-title elementor-size-default\">Klientai bendradarbiauja su mumis d\u0117l visapusi\u0161ko verslo proces\u0173 tobulinimo, robot\u0173 proces\u0173 automatizavimo ir dirbtinio intelekto galimybi\u0173.<\/h2>\t\t\t\t<\/div>\n\t\t\t\t<\/div>\n\t\t\t\t<div class=\"elementor-element elementor-element-5362a1d elementor-widget elementor-widget-text-editor\" data-id=\"5362a1d\" data-element_type=\"widget\" data-e-type=\"widget\" data-widget_type=\"text-editor.default\">\n\t\t\t\t<div class=\"elementor-widget-container\">\n\t\t\t\t\t\t\t\t\t<p>&#8222;Office Samurai&#8221; u\u017epildo atotr\u016bk\u012f tarp tradicini\u0173 robot\u0173 proces\u0173 automatizavimo ir dirbtinio intelekto technologij\u0173, u\u017etikrindamas greit\u012f, efektyvum\u0105 ir ma\u017eesnes verslo paslaug\u0173 i\u0161laidas. M\u016bs\u0173 kompetencija apima \u012fvairias sritis, \u012fskaitant konsultacijas, specializuotas mokymo programas, projekt\u0173 vykdym\u0105 ir darbuotoj\u0173 nuomos paslaugas. <\/p>\t\t\t\t\t\t\t\t<\/div>\n\t\t\t\t<\/div>\n\t\t\t\t<\/div>\n\t\t\t\t<\/div>\n\t\t<div class=\"elementor-element elementor-element-0846fec e-con-full e-grid e-con e-child\" data-id=\"0846fec\" data-element_type=\"container\" data-e-type=\"container\" data-settings=\"{&quot;jet_parallax_layout_list&quot;:[]}\">\n\t\t<a class=\"elementor-element elementor-element-f4e3c74 e-con-full e-flex e-con e-child\" data-id=\"f4e3c74\" data-element_type=\"container\" data-e-type=\"container\" data-settings=\"{&quot;background_background&quot;:&quot;classic&quot;,&quot;jet_parallax_layout_list&quot;:[]}\" href=\"https:\/\/office-samurai.com\/lt\/konsultacijos\/\">\n\t\t<div class=\"elementor-element elementor-element-a2862cb e-con-full e-flex e-con e-child\" data-id=\"a2862cb\" data-element_type=\"container\" data-e-type=\"container\" data-settings=\"{&quot;jet_parallax_layout_list&quot;:[]}\">\n\t\t\t\t<div class=\"elementor-element elementor-element-edc82b7 elementor-widget elementor-widget-image\" data-id=\"edc82b7\" data-element_type=\"widget\" data-e-type=\"widget\" data-widget_type=\"image.default\">\n\t\t\t\t<div class=\"elementor-widget-container\">\n\t\t\t\t\t\t\t\t\t\t\t\t\t\t\t<img fetchpriority=\"high\" decoding=\"async\" width=\"304\" height=\"240\" src=\"https:\/\/office-samurai.com\/wp-content\/uploads\/2025\/01\/officesamurai-consulting.jpg\" class=\"attachment-large size-large wp-image-12756\" alt=\"\" srcset=\"https:\/\/office-samurai.com\/wp-content\/uploads\/2025\/01\/officesamurai-consulting.jpg 304w, https:\/\/office-samurai.com\/wp-content\/uploads\/2025\/01\/officesamurai-consulting-300x237.jpg 300w\" sizes=\"(max-width: 304px) 100vw, 304px\" \/>\t\t\t\t\t\t\t\t\t\t\t\t\t\t\t<\/div>\n\t\t\t\t<\/div>\n\t\t\t\t<\/div>\n\t\t<div class=\"elementor-element elementor-element-5a85302 e-con-full e-flex e-con e-child\" data-id=\"5a85302\" data-element_type=\"container\" data-e-type=\"container\" data-settings=\"{&quot;jet_parallax_layout_list&quot;:[]}\">\n\t\t<div class=\"elementor-element elementor-element-a997663 e-con-full e-flex e-con e-child\" data-id=\"a997663\" data-element_type=\"container\" data-e-type=\"container\" data-settings=\"{&quot;jet_parallax_layout_list&quot;:[]}\">\n\t\t\t\t<div class=\"elementor-element elementor-element-b6a4588 elementor-widget elementor-widget-heading\" data-id=\"b6a4588\" data-element_type=\"widget\" data-e-type=\"widget\" data-widget_type=\"heading.default\">\n\t\t\t\t<div class=\"elementor-widget-container\">\n\t\t\t\t\t<p class=\"elementor-heading-title elementor-size-default\">Konsultacijos<\/p>\t\t\t\t<\/div>\n\t\t\t\t<\/div>\n\t\t\t\t<div class=\"elementor-element elementor-element-bc75eb4 elementor-widget elementor-widget-text-editor\" data-id=\"bc75eb4\" data-element_type=\"widget\" data-e-type=\"widget\" data-widget_type=\"text-editor.default\">\n\t\t\t\t<div class=\"elementor-widget-container\">\n\t\t\t\t\t\t\t\t\t<p>M\u016bs\u0173 \u012fmon\u0117 specializuojasi automatizavimo technologij\u0173, verslo proces\u0173 tobulinimo ir valdymo konsultacij\u0173 srityse. Pasitelkdami savo patirt\u012f, padedame jums prad\u0117ti, paspartinti ar \u012fvertinti automatizavimo program\u0105. <\/p>\t\t\t\t\t\t\t\t<\/div>\n\t\t\t\t<\/div>\n\t\t\t\t<\/div>\n\t\t\t\t<div class=\"elementor-element elementor-element-026a441 fake-button elementor-widget elementor-widget-text-editor\" data-id=\"026a441\" data-element_type=\"widget\" data-e-type=\"widget\" data-widget_type=\"text-editor.default\">\n\t\t\t\t<div class=\"elementor-widget-container\">\n\t\t\t\t\t\t\t\t\t<p>Skaityti daugiau<\/p>\t\t\t\t\t\t\t\t<\/div>\n\t\t\t\t<\/div>\n\t\t\t\t<\/div>\n\t\t\t\t<\/a>\n\t\t<a class=\"elementor-element elementor-element-afc3462 e-con-full e-flex e-con e-child\" data-id=\"afc3462\" data-element_type=\"container\" data-e-type=\"container\" data-settings=\"{&quot;background_background&quot;:&quot;classic&quot;,&quot;jet_parallax_layout_list&quot;:[]}\" href=\"https:\/\/office-samurai.com\/lt\/paslaugu-teikimas\/\">\n\t\t<div class=\"elementor-element elementor-element-6be78b8 e-con-full e-flex e-con e-child\" data-id=\"6be78b8\" data-element_type=\"container\" data-e-type=\"container\" data-settings=\"{&quot;jet_parallax_layout_list&quot;:[]}\">\n\t\t\t\t<div class=\"elementor-element elementor-element-c3605e0 elementor-widget elementor-widget-image\" data-id=\"c3605e0\" data-element_type=\"widget\" data-e-type=\"widget\" data-widget_type=\"image.default\">\n\t\t\t\t<div class=\"elementor-widget-container\">\n\t\t\t\t\t\t\t\t\t\t\t\t\t\t\t<img decoding=\"async\" width=\"304\" height=\"240\" src=\"https:\/\/office-samurai.com\/wp-content\/uploads\/2025\/01\/officesamurai-service-delivery.jpg\" class=\"attachment-large size-large wp-image-12760\" alt=\"\" srcset=\"https:\/\/office-samurai.com\/wp-content\/uploads\/2025\/01\/officesamurai-service-delivery.jpg 304w, https:\/\/office-samurai.com\/wp-content\/uploads\/2025\/01\/officesamurai-service-delivery-300x237.jpg 300w\" sizes=\"(max-width: 304px) 100vw, 304px\" \/>\t\t\t\t\t\t\t\t\t\t\t\t\t\t\t<\/div>\n\t\t\t\t<\/div>\n\t\t\t\t<\/div>\n\t\t<div class=\"elementor-element elementor-element-e57a589 e-con-full e-flex e-con e-child\" data-id=\"e57a589\" data-element_type=\"container\" data-e-type=\"container\" data-settings=\"{&quot;jet_parallax_layout_list&quot;:[]}\">\n\t\t<div class=\"elementor-element elementor-element-3a0e5e3 e-con-full e-flex e-con e-child\" data-id=\"3a0e5e3\" data-element_type=\"container\" data-e-type=\"container\" data-settings=\"{&quot;jet_parallax_layout_list&quot;:[]}\">\n\t\t\t\t<div class=\"elementor-element elementor-element-223f35f elementor-widget elementor-widget-heading\" data-id=\"223f35f\" data-element_type=\"widget\" data-e-type=\"widget\" data-widget_type=\"heading.default\">\n\t\t\t\t<div class=\"elementor-widget-container\">\n\t\t\t\t\t<p class=\"elementor-heading-title elementor-size-default\">Paslaug\u0173 teikimas<\/p>\t\t\t\t<\/div>\n\t\t\t\t<\/div>\n\t\t\t\t<div class=\"elementor-element elementor-element-44e662b elementor-widget elementor-widget-text-editor\" data-id=\"44e662b\" data-element_type=\"widget\" data-e-type=\"widget\" data-widget_type=\"text-editor.default\">\n\t\t\t\t<div class=\"elementor-widget-container\">\n\t\t\t\t\t\t\t\t\t<p>Proces\u0173 automatizavimas naudojant RPA ir Machine Learning modelius yra m\u016bs\u0173 kasdien\u0117 veikla. Dirbame su \u012fvairiomis platformomis ir \u012frankiais, kuriuos parenkame pagal j\u016bs\u0173 poreikius arba esam\u0105 aplink\u0105. <\/p>\t\t\t\t\t\t\t\t<\/div>\n\t\t\t\t<\/div>\n\t\t\t\t<\/div>\n\t\t\t\t<div class=\"elementor-element elementor-element-4713fe4 fake-button elementor-widget elementor-widget-text-editor\" data-id=\"4713fe4\" data-element_type=\"widget\" data-e-type=\"widget\" data-widget_type=\"text-editor.default\">\n\t\t\t\t<div class=\"elementor-widget-container\">\n\t\t\t\t\t\t\t\t\t<p>Skaityti daugiau<\/p>\t\t\t\t\t\t\t\t<\/div>\n\t\t\t\t<\/div>\n\t\t\t\t<\/div>\n\t\t\t\t<\/a>\n\t\t<a class=\"elementor-element elementor-element-c278798 e-con-full e-flex e-con e-child\" data-id=\"c278798\" data-element_type=\"container\" data-e-type=\"container\" data-settings=\"{&quot;background_background&quot;:&quot;classic&quot;,&quot;jet_parallax_layout_list&quot;:[]}\" href=\"https:\/\/office-samurai.com\/ssc-courses\/\">\n\t\t<div class=\"elementor-element elementor-element-766d25e e-con-full e-flex e-con e-child\" data-id=\"766d25e\" data-element_type=\"container\" data-e-type=\"container\" data-settings=\"{&quot;jet_parallax_layout_list&quot;:[]}\">\n\t\t\t\t<div class=\"elementor-element elementor-element-8a577a7 elementor-widget elementor-widget-image\" data-id=\"8a577a7\" data-element_type=\"widget\" data-e-type=\"widget\" data-widget_type=\"image.default\">\n\t\t\t\t<div class=\"elementor-widget-container\">\n\t\t\t\t\t\t\t\t\t\t\t\t\t\t\t<img decoding=\"async\" width=\"304\" height=\"240\" src=\"https:\/\/office-samurai.com\/wp-content\/uploads\/2025\/01\/officesamurai-trainings.jpg\" class=\"attachment-large size-large wp-image-12764\" alt=\"\" srcset=\"https:\/\/office-samurai.com\/wp-content\/uploads\/2025\/01\/officesamurai-trainings.jpg 304w, https:\/\/office-samurai.com\/wp-content\/uploads\/2025\/01\/officesamurai-trainings-300x237.jpg 300w\" sizes=\"(max-width: 304px) 100vw, 304px\" \/>\t\t\t\t\t\t\t\t\t\t\t\t\t\t\t<\/div>\n\t\t\t\t<\/div>\n\t\t\t\t<\/div>\n\t\t<div class=\"elementor-element elementor-element-7e487b0 e-con-full e-flex e-con e-child\" data-id=\"7e487b0\" data-element_type=\"container\" data-e-type=\"container\" data-settings=\"{&quot;jet_parallax_layout_list&quot;:[]}\">\n\t\t<div class=\"elementor-element elementor-element-ae3b08b e-con-full e-flex e-con e-child\" data-id=\"ae3b08b\" data-element_type=\"container\" data-e-type=\"container\" data-settings=\"{&quot;jet_parallax_layout_list&quot;:[]}\">\n\t\t\t\t<div class=\"elementor-element elementor-element-617ffb6 elementor-widget elementor-widget-heading\" data-id=\"617ffb6\" data-element_type=\"widget\" data-e-type=\"widget\" data-widget_type=\"heading.default\">\n\t\t\t\t<div class=\"elementor-widget-container\">\n\t\t\t\t\t<p class=\"elementor-heading-title elementor-size-default\">Mokymas<\/p>\t\t\t\t<\/div>\n\t\t\t\t<\/div>\n\t\t\t\t<div class=\"elementor-element elementor-element-4982630 elementor-widget elementor-widget-text-editor\" data-id=\"4982630\" data-element_type=\"widget\" data-e-type=\"widget\" data-widget_type=\"text-editor.default\">\n\t\t\t\t<div class=\"elementor-widget-container\">\n\t\t\t\t\t\t\t\t\t<p>Specializuojam\u0117s proces\u0173 automatizavimo ir &#8222;Lean Management&#8221; mokymuose. Si\u016blome nuo pradedan\u010di\u0173j\u0173 RPA ir dirbtinio intelekto kurs\u0173 iki pa\u017eengusi\u0173j\u0173 u\u017esi\u0117mim\u0173, pritaikyt\u0173 verslo analitikams, RPA k\u016br\u0117jams ir RPA projekt\u0173 vadovams. <\/p>\t\t\t\t\t\t\t\t<\/div>\n\t\t\t\t<\/div>\n\t\t\t\t<\/div>\n\t\t\t\t<div class=\"elementor-element elementor-element-af55170 fake-button elementor-widget elementor-widget-text-editor\" data-id=\"af55170\" data-element_type=\"widget\" data-e-type=\"widget\" data-widget_type=\"text-editor.default\">\n\t\t\t\t<div class=\"elementor-widget-container\">\n\t\t\t\t\t\t\t\t\t<p>Skaityti daugiau<\/p>\t\t\t\t\t\t\t\t<\/div>\n\t\t\t\t<\/div>\n\t\t\t\t<\/div>\n\t\t\t\t<\/a>\n\t\t<a class=\"elementor-element elementor-element-50f5d96 e-con-full e-flex e-con e-child\" data-id=\"50f5d96\" data-element_type=\"container\" data-e-type=\"container\" data-settings=\"{&quot;background_background&quot;:&quot;classic&quot;,&quot;jet_parallax_layout_list&quot;:[]}\" href=\"https:\/\/office-samurai.com\/lt\/personalo-papildymo-paslauga\/\">\n\t\t<div class=\"elementor-element elementor-element-c5afa67 e-con-full e-flex e-con e-child\" data-id=\"c5afa67\" data-element_type=\"container\" data-e-type=\"container\" data-settings=\"{&quot;jet_parallax_layout_list&quot;:[]}\">\n\t\t\t\t<div class=\"elementor-element elementor-element-4b89e9b elementor-widget elementor-widget-image\" data-id=\"4b89e9b\" data-element_type=\"widget\" data-e-type=\"widget\" data-widget_type=\"image.default\">\n\t\t\t\t<div class=\"elementor-widget-container\">\n\t\t\t\t\t\t\t\t\t\t\t\t\t\t\t<img loading=\"lazy\" decoding=\"async\" width=\"304\" height=\"240\" src=\"https:\/\/office-samurai.com\/wp-content\/uploads\/2025\/01\/officesamurai-staff-augumentation.jpg\" class=\"attachment-large size-large wp-image-12768\" alt=\"\" srcset=\"https:\/\/office-samurai.com\/wp-content\/uploads\/2025\/01\/officesamurai-staff-augumentation.jpg 304w, https:\/\/office-samurai.com\/wp-content\/uploads\/2025\/01\/officesamurai-staff-augumentation-300x237.jpg 300w\" sizes=\"(max-width: 304px) 100vw, 304px\" \/>\t\t\t\t\t\t\t\t\t\t\t\t\t\t\t<\/div>\n\t\t\t\t<\/div>\n\t\t\t\t<\/div>\n\t\t<div class=\"elementor-element elementor-element-8f538c0 e-con-full e-flex e-con e-child\" data-id=\"8f538c0\" data-element_type=\"container\" data-e-type=\"container\" data-settings=\"{&quot;jet_parallax_layout_list&quot;:[]}\">\n\t\t<div class=\"elementor-element elementor-element-b6d0d2e e-con-full e-flex e-con e-child\" data-id=\"b6d0d2e\" data-element_type=\"container\" data-e-type=\"container\" data-settings=\"{&quot;jet_parallax_layout_list&quot;:[]}\">\n\t\t\t\t<div class=\"elementor-element elementor-element-a058cb3 elementor-widget elementor-widget-heading\" data-id=\"a058cb3\" data-element_type=\"widget\" data-e-type=\"widget\" data-widget_type=\"heading.default\">\n\t\t\t\t<div class=\"elementor-widget-container\">\n\t\t\t\t\t<p class=\"elementor-heading-title elementor-size-default\">Darbuotoj\u0173 skai\u010diaus didinimas<\/p>\t\t\t\t<\/div>\n\t\t\t\t<\/div>\n\t\t\t\t<div class=\"elementor-element elementor-element-99be391 elementor-widget elementor-widget-text-editor\" data-id=\"99be391\" data-element_type=\"widget\" data-e-type=\"widget\" data-widget_type=\"text-editor.default\">\n\t\t\t\t<div class=\"elementor-widget-container\">\n\t\t\t\t\t\t\t\t\t<p>Suteikiame prieig\u0105 prie \u017emogi\u0161k\u0173j\u0173 i\u0161tekli\u0173. Office Samurai specialistai turi kompetencij\u0173 \u012fvairiose srityse: programin\u0117s \u012frangos k\u016brimo, API integracijos, problem\u0173 sprendimo, projekt\u0173 \u012fgyvendinimo ir Lean Management. <\/p>\t\t\t\t\t\t\t\t<\/div>\n\t\t\t\t<\/div>\n\t\t\t\t<\/div>\n\t\t\t\t<div class=\"elementor-element elementor-element-8251b57 fake-button elementor-widget elementor-widget-text-editor\" data-id=\"8251b57\" data-element_type=\"widget\" data-e-type=\"widget\" data-widget_type=\"text-editor.default\">\n\t\t\t\t<div class=\"elementor-widget-container\">\n\t\t\t\t\t\t\t\t\t<p>Skaityti daugiau<\/p>\t\t\t\t\t\t\t\t<\/div>\n\t\t\t\t<\/div>\n\t\t\t\t<\/div>\n\t\t\t\t<\/a>\n\t\t\t\t<\/div>\n\t\t\t\t\t<\/div>\n\t\t\t\t<\/div>\n\t\t\t\t<\/div>\n\t\t","protected":false},"excerpt":{"rendered":"<p>D\u0117kojame, kad susisiek\u0117te su mumis J\u016bs\u0173 \u017einut\u0117 s\u0117kmingai pateikta &#8211; su jumis susisieksime per vien\u0105 dien\u0105. Tai buvo paprasta kontakt\u0173 forma, ta\u010diau ap\u010diuopiamas \u012frodymas, kad automatizavimas veikia. Netrukus sukursite sav\u0105j\u0105. Gr\u012f\u017eti \u012f pagrindin\u012f puslap\u012f Atraskite m\u016bs\u0173 paslaugas Klientai bendradarbiauja su mumis d\u0117l visapusi\u0161ko verslo proces\u0173 tobulinimo, robot\u0173 proces\u0173 automatizavimo ir dirbtinio intelekto galimybi\u0173. &#8222;Office Samurai&#8221; [&hellip;]<\/p>\n","protected":false},"author":1,"featured_media":12248,"parent":0,"menu_order":0,"comment_status":"closed","ping_status":"closed","template":"elementor_header_footer","meta":{"_acf_changed":false,"inline_featured_image":false,"footnotes":""},"class_list":["post-17003","page","type-page","status-publish","has-post-thumbnail","hentry"],"acf":[],"_links":{"self":[{"href":"https:\/\/office-samurai.com\/lt\/wp-json\/wp\/v2\/pages\/17003","targetHints":{"allow":["GET"]}}],"collection":[{"href":"https:\/\/office-samurai.com\/lt\/wp-json\/wp\/v2\/pages"}],"about":[{"href":"https:\/\/office-samurai.com\/lt\/wp-json\/wp\/v2\/types\/page"}],"author":[{"embeddable":true,"href":"https:\/\/office-samurai.com\/lt\/wp-json\/wp\/v2\/users\/1"}],"replies":[{"embeddable":true,"href":"https:\/\/office-samurai.com\/lt\/wp-json\/wp\/v2\/comments?post=17003"}],"version-history":[{"count":2,"href":"https:\/\/office-samurai.com\/lt\/wp-json\/wp\/v2\/pages\/17003\/revisions"}],"predecessor-version":[{"id":23296,"href":"https:\/\/office-samurai.com\/lt\/wp-json\/wp\/v2\/pages\/17003\/revisions\/23296"}],"wp:featuredmedia":[{"embeddable":true,"href":"https:\/\/office-samurai.com\/lt\/wp-json\/wp\/v2\/media\/12248"}],"wp:attachment":[{"href":"https:\/\/office-samurai.com\/lt\/wp-json\/wp\/v2\/media?parent=17003"}],"curies":[{"name":"wp","href":"https:\/\/api.w.org\/{rel}","templated":true}]}}