{"id":12813,"date":"2024-10-15T21:59:52","date_gmt":"2024-10-15T19:59:52","guid":{"rendered":"https:\/\/office-samurai.com\/strona-z-podziekowaniami\/"},"modified":"2025-01-21T19:32:34","modified_gmt":"2025-01-21T18:32:34","slug":"strona-z-podziekowaniami","status":"publish","type":"page","link":"https:\/\/office-samurai.com\/pl\/strona-z-podziekowaniami\/","title":{"rendered":"Strona z podzi\u0119kowaniami"},"content":{"rendered":"\t\t<div data-elementor-type=\"wp-page\" data-elementor-id=\"12813\" class=\"elementor elementor-12813 elementor-2048\" data-elementor-post-type=\"page\">\n\t\t\t\t<div data-dce-background-image-url=\"https:\/\/office-samurai.com\/wp-content\/uploads\/2024\/10\/officesamurai-thank-you-for-contacting-us.png\" class=\"elementor-element elementor-element-76d353f e-flex e-con-boxed e-con e-parent\" data-id=\"76d353f\" data-element_type=\"container\" data-e-type=\"container\" data-settings=\"{&quot;background_background&quot;:&quot;classic&quot;,&quot;jet_parallax_layout_list&quot;:[]}\">\n\t\t\t\t\t<div class=\"e-con-inner\">\n\t\t<div class=\"elementor-element elementor-element-4058514 e-con-full e-flex e-con e-child\" data-id=\"4058514\" data-element_type=\"container\" data-e-type=\"container\" data-settings=\"{&quot;background_background&quot;:&quot;classic&quot;,&quot;jet_parallax_layout_list&quot;:[]}\">\n\t\t\t\t<div class=\"elementor-element elementor-element-91c5a63 elementor-widget elementor-widget-heading\" data-id=\"91c5a63\" data-element_type=\"widget\" data-e-type=\"widget\" data-widget_type=\"heading.default\">\n\t\t\t\t<div class=\"elementor-widget-container\">\n\t\t\t\t\t<h1 class=\"elementor-heading-title elementor-size-default\">Dzi\u0119kujemy za skontaktowanie si\u0119 z nami<\/h1>\t\t\t\t<\/div>\n\t\t\t\t<\/div>\n\t\t\t\t<div class=\"elementor-element elementor-element-9b9a475 elementor-widget elementor-widget-text-editor\" data-id=\"9b9a475\" data-element_type=\"widget\" data-e-type=\"widget\" data-widget_type=\"text-editor.default\">\n\t\t\t\t<div class=\"elementor-widget-container\">\n\t\t\t\t\t\t\t\t\t<p>Twoja wiadomo\u015b\u0107 zosta\u0142a pomy\u015blnie wys\u0142ana &#8211; skontaktujemy si\u0119 z Tob\u0105 w ci\u0105gu jednego dnia.<\/p>\n\t\t\t\t\t\t\t\t<\/div>\n\t\t\t\t<\/div>\n\t\t\t\t<div class=\"elementor-element elementor-element-a443ba6 elementor-widget elementor-widget-text-editor\" data-id=\"a443ba6\" data-element_type=\"widget\" data-e-type=\"widget\" data-widget_type=\"text-editor.default\">\n\t\t\t\t<div class=\"elementor-widget-container\">\n\t\t\t\t\t\t\t\t\t<p>By\u0142 to prosty formularz kontaktowy, ale namacalny dow\u00f3d na to, \u017ce automatyzacja dzia\u0142a. Wkr\u00f3tce b\u0119dziesz tworzy\u0107 w\u0142asne. <\/p>\n\t\t\t\t\t\t\t\t<\/div>\n\t\t\t\t<\/div>\n\t\t<div class=\"elementor-element elementor-element-77ea08d e-con-full e-flex e-con e-child\" data-id=\"77ea08d\" data-element_type=\"container\" data-e-type=\"container\" data-settings=\"{&quot;jet_parallax_layout_list&quot;:[]}\">\n\t\t\t\t<div class=\"elementor-element elementor-element-7e80f03 elementor-align-center elementor-mobile-align-justify elementor-widget elementor-widget-button\" data-id=\"7e80f03\" data-element_type=\"widget\" data-e-type=\"widget\" data-widget_type=\"button.default\">\n\t\t\t\t<div class=\"elementor-widget-container\">\n\t\t\t\t\t\t\t\t\t<div class=\"elementor-button-wrapper\">\n\t\t\t\t\t<a class=\"elementor-button elementor-button-link elementor-size-sm\" href=\"https:\/\/office-samurai.com\/pl\/\">\n\t\t\t\t\t\t<span class=\"elementor-button-content-wrapper\">\n\t\t\t\t\t\t\t\t\t<span class=\"elementor-button-text\">Powr\u00f3t do strony g\u0142\u00f3wnej<\/span>\n\t\t\t\t\t<\/span>\n\t\t\t\t\t<\/a>\n\t\t\t\t<\/div>\n\t\t\t\t\t\t\t\t<\/div>\n\t\t\t\t<\/div>\n\t\t\t\t<div class=\"elementor-element elementor-element-b794797 elementor-widget elementor-widget-button\" data-id=\"b794797\" data-element_type=\"widget\" data-e-type=\"widget\" data-widget_type=\"button.default\">\n\t\t\t\t<div class=\"elementor-widget-container\">\n\t\t\t\t\t\t\t\t\t<div class=\"elementor-button-wrapper\">\n\t\t\t\t\t<a class=\"elementor-button elementor-button-link elementor-size-sm\" href=\"#our-services\">\n\t\t\t\t\t\t<span class=\"elementor-button-content-wrapper\">\n\t\t\t\t\t\t<span class=\"elementor-button-icon\">\n\t\t\t\t<svg xmlns=\"http:\/\/www.w3.org\/2000\/svg\" width=\"16\" height=\"17\" viewBox=\"0 0 16 17\" fill=\"none\"><path d=\"M14 8.5L8 14.5L2 8.5\" stroke=\"#141414\" stroke-width=\"1.25\" stroke-miterlimit=\"10\"><\/path><path d=\"M8 14.5L8 2.5\" stroke=\"#141414\" stroke-width=\"1.25\" stroke-miterlimit=\"10\"><\/path><\/svg>\t\t\t<\/span>\n\t\t\t\t\t\t\t\t\t<span class=\"elementor-button-text\">Odkryj nasze us\u0142ugi<\/span>\n\t\t\t\t\t<\/span>\n\t\t\t\t\t<\/a>\n\t\t\t\t<\/div>\n\t\t\t\t\t\t\t\t<\/div>\n\t\t\t\t<\/div>\n\t\t\t\t<\/div>\n\t\t\t\t<\/div>\n\t\t\t\t\t<\/div>\n\t\t\t\t<\/div>\n\t\t<div class=\"elementor-element elementor-element-1b9f515 e-flex e-con-boxed e-con e-parent\" data-id=\"1b9f515\" data-element_type=\"container\" data-e-type=\"container\" id=\"our-services\" data-settings=\"{&quot;jet_parallax_layout_list&quot;:[],&quot;background_background&quot;:&quot;classic&quot;}\">\n\t\t\t\t\t<div class=\"e-con-inner\">\n\t\t<div class=\"elementor-element elementor-element-468fedc e-con-full e-flex e-con e-child\" data-id=\"468fedc\" data-element_type=\"container\" data-e-type=\"container\" data-settings=\"{&quot;jet_parallax_layout_list&quot;:[]}\">\n\t\t\t\t<div class=\"elementor-element elementor-element-b95113c elementor-widget-divider--view-line elementor-widget elementor-widget-divider\" data-id=\"b95113c\" data-element_type=\"widget\" data-e-type=\"widget\" data-widget_type=\"divider.default\">\n\t\t\t\t<div class=\"elementor-widget-container\">\n\t\t\t\t\t\t\t<div class=\"elementor-divider\">\n\t\t\t<span class=\"elementor-divider-separator\">\n\t\t\t\t\t\t<\/span>\n\t\t<\/div>\n\t\t\t\t\t\t<\/div>\n\t\t\t\t<\/div>\n\t\t<div class=\"elementor-element elementor-element-ccffcc6 e-con-full e-flex e-con e-child\" data-id=\"ccffcc6\" data-element_type=\"container\" data-e-type=\"container\" data-settings=\"{&quot;jet_parallax_layout_list&quot;:[]}\">\n\t\t\t\t<div class=\"elementor-element elementor-element-74c4020 elementor-widget elementor-widget-heading\" data-id=\"74c4020\" data-element_type=\"widget\" data-e-type=\"widget\" data-widget_type=\"heading.default\">\n\t\t\t\t<div class=\"elementor-widget-container\">\n\t\t\t\t\t<h2 class=\"elementor-heading-title elementor-size-default\">Klienci wsp\u00f3\u0142pracuj\u0105 z nami w zakresie kompleksowego usprawniania proces\u00f3w biznesowych, automatyzacji proces\u00f3w zrobotyzowanych i mo\u017cliwo\u015bci AI<\/h2>\t\t\t\t<\/div>\n\t\t\t\t<\/div>\n\t\t\t\t<div class=\"elementor-element elementor-element-5362a1d elementor-widget elementor-widget-text-editor\" data-id=\"5362a1d\" data-element_type=\"widget\" data-e-type=\"widget\" data-widget_type=\"text-editor.default\">\n\t\t\t\t<div class=\"elementor-widget-container\">\n\t\t\t\t\t\t\t\t\t<p>Office Samurai wype\u0142nia luk\u0119 mi\u0119dzy tradycyjn\u0105 automatyzacj\u0105 proces\u00f3w a technologiami sztucznej inteligencji, zapewniaj\u0105c szybko\u015b\u0107, wydajno\u015b\u0107 i ni\u017csze koszty us\u0142ug biznesowych. Nasze do\u015bwiadczenie obejmuje r\u00f3\u017cne dziedziny, w tym doradztwo, specjalistyczne programy szkoleniowe, realizacj\u0119 projekt\u00f3w i us\u0142ugi leasingu pracowniczego. <\/p>\n\t\t\t\t\t\t\t\t<\/div>\n\t\t\t\t<\/div>\n\t\t\t\t<\/div>\n\t\t\t\t<\/div>\n\t\t<div class=\"elementor-element elementor-element-0846fec e-con-full e-grid e-con e-child\" data-id=\"0846fec\" data-element_type=\"container\" data-e-type=\"container\" data-settings=\"{&quot;jet_parallax_layout_list&quot;:[]}\">\n\t\t<a class=\"elementor-element elementor-element-f4e3c74 e-con-full e-flex e-con e-child\" data-id=\"f4e3c74\" data-element_type=\"container\" data-e-type=\"container\" data-settings=\"{&quot;background_background&quot;:&quot;classic&quot;,&quot;jet_parallax_layout_list&quot;:[]}\" href=\"https:\/\/office-samurai.com\/pl\/konsultacje\/\">\n\t\t<div class=\"elementor-element elementor-element-a2862cb e-con-full e-flex e-con e-child\" data-id=\"a2862cb\" data-element_type=\"container\" data-e-type=\"container\" data-settings=\"{&quot;jet_parallax_layout_list&quot;:[]}\">\n\t\t\t\t<div class=\"elementor-element elementor-element-edc82b7 elementor-widget elementor-widget-image\" data-id=\"edc82b7\" data-element_type=\"widget\" data-e-type=\"widget\" data-widget_type=\"image.default\">\n\t\t\t\t<div class=\"elementor-widget-container\">\n\t\t\t\t\t\t\t\t\t\t\t\t\t\t\t<img fetchpriority=\"high\" decoding=\"async\" width=\"304\" height=\"240\" src=\"https:\/\/office-samurai.com\/wp-content\/uploads\/2025\/01\/officesamurai-consulting.jpg\" class=\"attachment-large size-large wp-image-12757\" alt=\"\" srcset=\"https:\/\/office-samurai.com\/wp-content\/uploads\/2025\/01\/officesamurai-consulting.jpg 304w, https:\/\/office-samurai.com\/wp-content\/uploads\/2025\/01\/officesamurai-consulting-300x237.jpg 300w\" sizes=\"(max-width: 304px) 100vw, 304px\" \/>\t\t\t\t\t\t\t\t\t\t\t\t\t\t\t<\/div>\n\t\t\t\t<\/div>\n\t\t\t\t<\/div>\n\t\t<div class=\"elementor-element elementor-element-5a85302 e-con-full e-flex e-con e-child\" data-id=\"5a85302\" data-element_type=\"container\" data-e-type=\"container\" data-settings=\"{&quot;jet_parallax_layout_list&quot;:[]}\">\n\t\t<div class=\"elementor-element elementor-element-a997663 e-con-full e-flex e-con e-child\" data-id=\"a997663\" data-element_type=\"container\" data-e-type=\"container\" data-settings=\"{&quot;jet_parallax_layout_list&quot;:[]}\">\n\t\t\t\t<div class=\"elementor-element elementor-element-b6a4588 elementor-widget elementor-widget-heading\" data-id=\"b6a4588\" data-element_type=\"widget\" data-e-type=\"widget\" data-widget_type=\"heading.default\">\n\t\t\t\t<div class=\"elementor-widget-container\">\n\t\t\t\t\t<p class=\"elementor-heading-title elementor-size-default\">Konsultacje<\/p>\t\t\t\t<\/div>\n\t\t\t\t<\/div>\n\t\t\t\t<div class=\"elementor-element elementor-element-bc75eb4 elementor-widget elementor-widget-text-editor\" data-id=\"bc75eb4\" data-element_type=\"widget\" data-e-type=\"widget\" data-widget_type=\"text-editor.default\">\n\t\t\t\t<div class=\"elementor-widget-container\">\n\t\t\t\t\t\t\t\t\t<p>Nasza firma specjalizuje si\u0119 w technologiach automatyzacji, usprawnianiu proces\u00f3w biznesowych i doradztwie w zakresie zarz\u0105dzania. Wykorzystujemy nasz\u0105 wiedz\u0119, aby pom\u00f3c w rozpocz\u0119ciu, przyspieszeniu lub ocenie programu automatyzacji. <\/p>\n\t\t\t\t\t\t\t\t<\/div>\n\t\t\t\t<\/div>\n\t\t\t\t<\/div>\n\t\t\t\t<div class=\"elementor-element elementor-element-026a441 fake-button elementor-widget elementor-widget-text-editor\" data-id=\"026a441\" data-element_type=\"widget\" data-e-type=\"widget\" data-widget_type=\"text-editor.default\">\n\t\t\t\t<div class=\"elementor-widget-container\">\n\t\t\t\t\t\t\t\t\t<p>Czytaj wi\u0119cej<\/p>\n\t\t\t\t\t\t\t\t<\/div>\n\t\t\t\t<\/div>\n\t\t\t\t<\/div>\n\t\t\t\t<\/a>\n\t\t<a class=\"elementor-element elementor-element-afc3462 e-con-full e-flex e-con e-child\" data-id=\"afc3462\" data-element_type=\"container\" data-e-type=\"container\" data-settings=\"{&quot;background_background&quot;:&quot;classic&quot;,&quot;jet_parallax_layout_list&quot;:[]}\" href=\"https:\/\/office-samurai.com\/pl\/swiadczenie-uslug\/\">\n\t\t<div class=\"elementor-element elementor-element-6be78b8 e-con-full e-flex e-con e-child\" data-id=\"6be78b8\" data-element_type=\"container\" data-e-type=\"container\" data-settings=\"{&quot;jet_parallax_layout_list&quot;:[]}\">\n\t\t\t\t<div class=\"elementor-element elementor-element-c3605e0 elementor-widget elementor-widget-image\" data-id=\"c3605e0\" data-element_type=\"widget\" data-e-type=\"widget\" data-widget_type=\"image.default\">\n\t\t\t\t<div class=\"elementor-widget-container\">\n\t\t\t\t\t\t\t\t\t\t\t\t\t\t\t<img decoding=\"async\" width=\"304\" height=\"240\" src=\"https:\/\/office-samurai.com\/wp-content\/uploads\/2025\/01\/officesamurai-service-delivery.jpg\" class=\"attachment-large size-large wp-image-12761\" alt=\"\" srcset=\"https:\/\/office-samurai.com\/wp-content\/uploads\/2025\/01\/officesamurai-service-delivery.jpg 304w, https:\/\/office-samurai.com\/wp-content\/uploads\/2025\/01\/officesamurai-service-delivery-300x237.jpg 300w\" sizes=\"(max-width: 304px) 100vw, 304px\" \/>\t\t\t\t\t\t\t\t\t\t\t\t\t\t\t<\/div>\n\t\t\t\t<\/div>\n\t\t\t\t<\/div>\n\t\t<div class=\"elementor-element elementor-element-e57a589 e-con-full e-flex e-con e-child\" data-id=\"e57a589\" data-element_type=\"container\" data-e-type=\"container\" data-settings=\"{&quot;jet_parallax_layout_list&quot;:[]}\">\n\t\t<div class=\"elementor-element elementor-element-3a0e5e3 e-con-full e-flex e-con e-child\" data-id=\"3a0e5e3\" data-element_type=\"container\" data-e-type=\"container\" data-settings=\"{&quot;jet_parallax_layout_list&quot;:[]}\">\n\t\t\t\t<div class=\"elementor-element elementor-element-223f35f elementor-widget elementor-widget-heading\" data-id=\"223f35f\" data-element_type=\"widget\" data-e-type=\"widget\" data-widget_type=\"heading.default\">\n\t\t\t\t<div class=\"elementor-widget-container\">\n\t\t\t\t\t<p class=\"elementor-heading-title elementor-size-default\">\u015awiadczenie us\u0142ug<\/p>\t\t\t\t<\/div>\n\t\t\t\t<\/div>\n\t\t\t\t<div class=\"elementor-element elementor-element-44e662b elementor-widget elementor-widget-text-editor\" data-id=\"44e662b\" data-element_type=\"widget\" data-e-type=\"widget\" data-widget_type=\"text-editor.default\">\n\t\t\t\t<div class=\"elementor-widget-container\">\n\t\t\t\t\t\t\t\t\t<p>Automatyzacja proces\u00f3w za pomoc\u0105 RPA i modeli uczenia maszynowego to nasz chleb powszedni. Pracujemy na szerokiej gamie platform i narz\u0119dzi, kt\u00f3re wybieramy zgodnie z Twoimi potrzebami lub obecn\u0105 konfiguracj\u0105.   <\/p>\n\t\t\t\t\t\t\t\t<\/div>\n\t\t\t\t<\/div>\n\t\t\t\t<\/div>\n\t\t\t\t<div class=\"elementor-element elementor-element-4713fe4 fake-button elementor-widget elementor-widget-text-editor\" data-id=\"4713fe4\" data-element_type=\"widget\" data-e-type=\"widget\" data-widget_type=\"text-editor.default\">\n\t\t\t\t<div class=\"elementor-widget-container\">\n\t\t\t\t\t\t\t\t\t<p>Czytaj wi\u0119cej<\/p>\n\t\t\t\t\t\t\t\t<\/div>\n\t\t\t\t<\/div>\n\t\t\t\t<\/div>\n\t\t\t\t<\/a>\n\t\t<a class=\"elementor-element elementor-element-c278798 e-con-full e-flex e-con e-child\" data-id=\"c278798\" data-element_type=\"container\" data-e-type=\"container\" data-settings=\"{&quot;background_background&quot;:&quot;classic&quot;,&quot;jet_parallax_layout_list&quot;:[]}\" href=\"https:\/\/office-samurai.com\/pl\/kursy-ssc\/\">\n\t\t<div class=\"elementor-element elementor-element-766d25e e-con-full e-flex e-con e-child\" data-id=\"766d25e\" data-element_type=\"container\" data-e-type=\"container\" data-settings=\"{&quot;jet_parallax_layout_list&quot;:[]}\">\n\t\t\t\t<div class=\"elementor-element elementor-element-8a577a7 elementor-widget elementor-widget-image\" data-id=\"8a577a7\" data-element_type=\"widget\" data-e-type=\"widget\" data-widget_type=\"image.default\">\n\t\t\t\t<div class=\"elementor-widget-container\">\n\t\t\t\t\t\t\t\t\t\t\t\t\t\t\t<img decoding=\"async\" width=\"304\" height=\"240\" src=\"https:\/\/office-samurai.com\/wp-content\/uploads\/2025\/01\/officesamurai-trainings.jpg\" class=\"attachment-large size-large wp-image-12765\" alt=\"\" srcset=\"https:\/\/office-samurai.com\/wp-content\/uploads\/2025\/01\/officesamurai-trainings.jpg 304w, https:\/\/office-samurai.com\/wp-content\/uploads\/2025\/01\/officesamurai-trainings-300x237.jpg 300w\" sizes=\"(max-width: 304px) 100vw, 304px\" \/>\t\t\t\t\t\t\t\t\t\t\t\t\t\t\t<\/div>\n\t\t\t\t<\/div>\n\t\t\t\t<\/div>\n\t\t<div class=\"elementor-element elementor-element-7e487b0 e-con-full e-flex e-con e-child\" data-id=\"7e487b0\" data-element_type=\"container\" data-e-type=\"container\" data-settings=\"{&quot;jet_parallax_layout_list&quot;:[]}\">\n\t\t<div class=\"elementor-element elementor-element-ae3b08b e-con-full e-flex e-con e-child\" data-id=\"ae3b08b\" data-element_type=\"container\" data-e-type=\"container\" data-settings=\"{&quot;jet_parallax_layout_list&quot;:[]}\">\n\t\t\t\t<div class=\"elementor-element elementor-element-617ffb6 elementor-widget elementor-widget-heading\" data-id=\"617ffb6\" data-element_type=\"widget\" data-e-type=\"widget\" data-widget_type=\"heading.default\">\n\t\t\t\t<div class=\"elementor-widget-container\">\n\t\t\t\t\t<p class=\"elementor-heading-title elementor-size-default\">Szkolenie<\/p>\t\t\t\t<\/div>\n\t\t\t\t<\/div>\n\t\t\t\t<div class=\"elementor-element elementor-element-4982630 elementor-widget elementor-widget-text-editor\" data-id=\"4982630\" data-element_type=\"widget\" data-e-type=\"widget\" data-widget_type=\"text-editor.default\">\n\t\t\t\t<div class=\"elementor-widget-container\">\n\t\t\t\t\t\t\t\t\t<p>Specjalizujemy si\u0119 w szkoleniach z zakresu automatyzacji proces\u00f3w i Lean Management. Nasza oferta obejmuje zar\u00f3wno kursy dla pocz\u0105tkuj\u0105cych w zakresie RPA i AI, jak i zaawansowane sesje dostosowane do potrzeb analityk\u00f3w biznesowych, programist\u00f3w RPA i kierownik\u00f3w projekt\u00f3w RPA. <\/p>\n\t\t\t\t\t\t\t\t<\/div>\n\t\t\t\t<\/div>\n\t\t\t\t<\/div>\n\t\t\t\t<div class=\"elementor-element elementor-element-af55170 fake-button elementor-widget elementor-widget-text-editor\" data-id=\"af55170\" data-element_type=\"widget\" data-e-type=\"widget\" data-widget_type=\"text-editor.default\">\n\t\t\t\t<div class=\"elementor-widget-container\">\n\t\t\t\t\t\t\t\t\t<p>Czytaj wi\u0119cej<\/p>\n\t\t\t\t\t\t\t\t<\/div>\n\t\t\t\t<\/div>\n\t\t\t\t<\/div>\n\t\t\t\t<\/a>\n\t\t<a class=\"elementor-element elementor-element-50f5d96 e-con-full e-flex e-con e-child\" data-id=\"50f5d96\" data-element_type=\"container\" data-e-type=\"container\" data-settings=\"{&quot;background_background&quot;:&quot;classic&quot;,&quot;jet_parallax_layout_list&quot;:[]}\" href=\"https:\/\/office-samurai.com\/pl\/usluga-powiekszania-personelu\/\">\n\t\t<div class=\"elementor-element elementor-element-c5afa67 e-con-full e-flex e-con e-child\" data-id=\"c5afa67\" data-element_type=\"container\" data-e-type=\"container\" data-settings=\"{&quot;jet_parallax_layout_list&quot;:[]}\">\n\t\t\t\t<div class=\"elementor-element elementor-element-4b89e9b elementor-widget elementor-widget-image\" data-id=\"4b89e9b\" data-element_type=\"widget\" data-e-type=\"widget\" data-widget_type=\"image.default\">\n\t\t\t\t<div class=\"elementor-widget-container\">\n\t\t\t\t\t\t\t\t\t\t\t\t\t\t\t<img loading=\"lazy\" decoding=\"async\" width=\"304\" height=\"240\" src=\"https:\/\/office-samurai.com\/wp-content\/uploads\/2025\/01\/officesamurai-staff-augumentation.jpg\" class=\"attachment-large size-large wp-image-12769\" alt=\"\" srcset=\"https:\/\/office-samurai.com\/wp-content\/uploads\/2025\/01\/officesamurai-staff-augumentation.jpg 304w, https:\/\/office-samurai.com\/wp-content\/uploads\/2025\/01\/officesamurai-staff-augumentation-300x237.jpg 300w\" sizes=\"(max-width: 304px) 100vw, 304px\" \/>\t\t\t\t\t\t\t\t\t\t\t\t\t\t\t<\/div>\n\t\t\t\t<\/div>\n\t\t\t\t<\/div>\n\t\t<div class=\"elementor-element elementor-element-8f538c0 e-con-full e-flex e-con e-child\" data-id=\"8f538c0\" data-element_type=\"container\" data-e-type=\"container\" data-settings=\"{&quot;jet_parallax_layout_list&quot;:[]}\">\n\t\t<div class=\"elementor-element elementor-element-b6d0d2e e-con-full e-flex e-con e-child\" data-id=\"b6d0d2e\" data-element_type=\"container\" data-e-type=\"container\" data-settings=\"{&quot;jet_parallax_layout_list&quot;:[]}\">\n\t\t\t\t<div class=\"elementor-element elementor-element-a058cb3 elementor-widget elementor-widget-heading\" data-id=\"a058cb3\" data-element_type=\"widget\" data-e-type=\"widget\" data-widget_type=\"heading.default\">\n\t\t\t\t<div class=\"elementor-widget-container\">\n\t\t\t\t\t<p class=\"elementor-heading-title elementor-size-default\">Wzmocnienie personelu<\/p>\t\t\t\t<\/div>\n\t\t\t\t<\/div>\n\t\t\t\t<div class=\"elementor-element elementor-element-99be391 elementor-widget elementor-widget-text-editor\" data-id=\"99be391\" data-element_type=\"widget\" data-e-type=\"widget\" data-widget_type=\"text-editor.default\">\n\t\t\t\t<div class=\"elementor-widget-container\">\n\t\t\t\t\t\t\t\t\t<p>Oferujemy dost\u0119p do ludzkiej si\u0142y roboczej. Specjali\u015bci Office Samurai posiadaj\u0105 kompetencje w r\u00f3\u017cnych dziedzinach rozwoju oprogramowania, integracji API, rozwi\u0105zywania problem\u00f3w, realizacji projekt\u00f3w i Lean Management.  <\/p>\n\t\t\t\t\t\t\t\t<\/div>\n\t\t\t\t<\/div>\n\t\t\t\t<\/div>\n\t\t\t\t<div class=\"elementor-element elementor-element-8251b57 fake-button elementor-widget elementor-widget-text-editor\" data-id=\"8251b57\" data-element_type=\"widget\" data-e-type=\"widget\" data-widget_type=\"text-editor.default\">\n\t\t\t\t<div class=\"elementor-widget-container\">\n\t\t\t\t\t\t\t\t\t<p>Czytaj wi\u0119cej<\/p>\n\t\t\t\t\t\t\t\t<\/div>\n\t\t\t\t<\/div>\n\t\t\t\t<\/div>\n\t\t\t\t<\/a>\n\t\t\t\t<\/div>\n\t\t\t\t\t<\/div>\n\t\t\t\t<\/div>\n\t\t\t\t<\/div>\n\t\t","protected":false},"excerpt":{"rendered":"<p>Dzi\u0119kujemy za skontaktowanie si\u0119 z nami Twoja wiadomo\u015b\u0107 zosta\u0142a pomy\u015blnie wys\u0142ana &#8211; skontaktujemy si\u0119 z Tob\u0105 w ci\u0105gu jednego dnia. By\u0142 to prosty formularz kontaktowy, ale namacalny dow\u00f3d na to, \u017ce automatyzacja dzia\u0142a. Wkr\u00f3tce b\u0119dziesz tworzy\u0107 w\u0142asne. Powr\u00f3t do strony g\u0142\u00f3wnej Odkryj nasze us\u0142ugi Klienci wsp\u00f3\u0142pracuj\u0105 z nami w zakresie kompleksowego usprawniania proces\u00f3w biznesowych, automatyzacji [&hellip;]<\/p>\n","protected":false},"author":1,"featured_media":12249,"parent":0,"menu_order":0,"comment_status":"closed","ping_status":"closed","template":"elementor_header_footer","meta":{"_acf_changed":false,"inline_featured_image":false,"footnotes":""},"class_list":["post-12813","page","type-page","status-publish","has-post-thumbnail","hentry"],"acf":[],"_links":{"self":[{"href":"https:\/\/office-samurai.com\/pl\/wp-json\/wp\/v2\/pages\/12813","targetHints":{"allow":["GET"]}}],"collection":[{"href":"https:\/\/office-samurai.com\/pl\/wp-json\/wp\/v2\/pages"}],"about":[{"href":"https:\/\/office-samurai.com\/pl\/wp-json\/wp\/v2\/types\/page"}],"author":[{"embeddable":true,"href":"https:\/\/office-samurai.com\/pl\/wp-json\/wp\/v2\/users\/1"}],"replies":[{"embeddable":true,"href":"https:\/\/office-samurai.com\/pl\/wp-json\/wp\/v2\/comments?post=12813"}],"version-history":[{"count":0,"href":"https:\/\/office-samurai.com\/pl\/wp-json\/wp\/v2\/pages\/12813\/revisions"}],"wp:featuredmedia":[{"embeddable":true,"href":"https:\/\/office-samurai.com\/pl\/wp-json\/wp\/v2\/media\/12249"}],"wp:attachment":[{"href":"https:\/\/office-samurai.com\/pl\/wp-json\/wp\/v2\/media?parent=12813"}],"curies":[{"name":"wp","href":"https:\/\/api.w.org\/{rel}","templated":true}]}}