{"id":16981,"date":"2025-03-28T14:58:09","date_gmt":"2025-03-28T13:58:09","guid":{"rendered":"https:\/\/office-samurai.com\/typ-kariera\/"},"modified":"2025-04-17T14:18:08","modified_gmt":"2025-04-17T12:18:08","slug":"typ-kariera","status":"publish","type":"page","link":"https:\/\/office-samurai.com\/pl\/typ-kariera\/","title":{"rendered":"TYP Kariera"},"content":{"rendered":"\t\t<div data-elementor-type=\"wp-page\" data-elementor-id=\"16981\" class=\"elementor elementor-16981 elementor-15195\" data-elementor-post-type=\"page\">\n\t\t\t\t<div class=\"elementor-element elementor-element-f1144c8 e-flex e-con-boxed e-con e-parent\" data-id=\"f1144c8\" data-element_type=\"container\" data-e-type=\"container\" data-settings=\"{&quot;jet_parallax_layout_list&quot;:[]}\">\n\t\t\t\t\t<div class=\"e-con-inner\">\n\t\t<div class=\"elementor-element elementor-element-c89d11e e-con-full e-flex e-con e-child\" data-id=\"c89d11e\" data-element_type=\"container\" data-e-type=\"container\" data-settings=\"{&quot;jet_parallax_layout_list&quot;:[]}\">\n\t\t<div class=\"elementor-element elementor-element-52d258d e-con-full e-flex e-con e-child\" data-id=\"52d258d\" data-element_type=\"container\" data-e-type=\"container\" data-settings=\"{&quot;position&quot;:&quot;absolute&quot;,&quot;jet_parallax_layout_list&quot;:[]}\">\n\t\t\t\t<div class=\"elementor-element elementor-element-5e91c58 elementor-widget elementor-widget-image\" data-id=\"5e91c58\" data-element_type=\"widget\" data-e-type=\"widget\" data-widget_type=\"image.default\">\n\t\t\t\t<div class=\"elementor-widget-container\">\n\t\t\t\t\t\t\t\t\t\t\t\t\t\t\t<img fetchpriority=\"high\" decoding=\"async\" width=\"877\" height=\"640\" src=\"https:\/\/office-samurai.com\/wp-content\/uploads\/2025\/03\/officesamurai-great-job.png\" class=\"attachment-full size-full wp-image-15200\" alt=\"\" srcset=\"https:\/\/office-samurai.com\/wp-content\/uploads\/2025\/03\/officesamurai-great-job.png 877w, https:\/\/office-samurai.com\/wp-content\/uploads\/2025\/03\/officesamurai-great-job-300x219.png 300w, https:\/\/office-samurai.com\/wp-content\/uploads\/2025\/03\/officesamurai-great-job-768x560.png 768w\" sizes=\"(max-width: 877px) 100vw, 877px\" \/>\t\t\t\t\t\t\t\t\t\t\t\t\t\t\t<\/div>\n\t\t\t\t<\/div>\n\t\t\t\t<\/div>\n\t\t\t\t<\/div>\n\t\t<div class=\"elementor-element elementor-element-ad32614 e-con-full e-flex e-con e-child\" data-id=\"ad32614\" data-element_type=\"container\" data-e-type=\"container\" data-settings=\"{&quot;jet_parallax_layout_list&quot;:[]}\">\n\t\t<div class=\"elementor-element elementor-element-973b26c e-con-full e-flex e-con e-child\" data-id=\"973b26c\" data-element_type=\"container\" data-e-type=\"container\" data-settings=\"{&quot;background_background&quot;:&quot;classic&quot;,&quot;jet_parallax_layout_list&quot;:[]}\">\n\t\t\t\t<div class=\"elementor-element elementor-element-bc57550 elementor-widget elementor-widget-heading\" data-id=\"bc57550\" data-element_type=\"widget\" data-e-type=\"widget\" data-widget_type=\"heading.default\">\n\t\t\t\t<div class=\"elementor-widget-container\">\n\t\t\t\t\t<h1 class=\"elementor-heading-title elementor-size-default\">\u015awietna robota!<\/h1>\t\t\t\t<\/div>\n\t\t\t\t<\/div>\n\t\t\t\t<div class=\"elementor-element elementor-element-eff06f8 elementor-widget elementor-widget-text-editor\" data-id=\"eff06f8\" data-element_type=\"widget\" data-e-type=\"widget\" data-widget_type=\"text-editor.default\">\n\t\t\t\t<div class=\"elementor-widget-container\">\n\t\t\t\t\t\t\t\t\t<p>Dzi\u0119kujemy za zg\u0142oszenie &#8211; \u015bwietny ruch! Otrzymali\u015bmy Twoje CV &#8211; wkr\u00f3tce si\u0119 odezwiemy (obiecujemy, \u017ce nie b\u0119dzie to ghosting). W mi\u0119dzyczasie nagr\u00f3d\u017a si\u0119 kaw\u0105, zrelaksuj si\u0119 i dowiedz si\u0119 wi\u0119cej o tym, kim jeste\u015bmy i co robimy.  <\/p>\n\t\t\t\t\t\t\t\t<\/div>\n\t\t\t\t<\/div>\n\t\t<div class=\"elementor-element elementor-element-9a37039 e-con-full e-flex e-con e-child\" data-id=\"9a37039\" data-element_type=\"container\" data-e-type=\"container\" data-settings=\"{&quot;jet_parallax_layout_list&quot;:[]}\">\n\t\t\t\t<div class=\"elementor-element elementor-element-5118d84 elementor-align-left elementor-mobile-align-justify elementor-widget elementor-widget-button\" data-id=\"5118d84\" data-element_type=\"widget\" data-e-type=\"widget\" data-widget_type=\"button.default\">\n\t\t\t\t<div class=\"elementor-widget-container\">\n\t\t\t\t\t\t\t\t\t<div class=\"elementor-button-wrapper\">\n\t\t\t\t\t<a class=\"elementor-button elementor-button-link elementor-size-sm\" href=\"https:\/\/office-samurai.com\/pl\/\">\n\t\t\t\t\t\t<span class=\"elementor-button-content-wrapper\">\n\t\t\t\t\t\t\t\t\t<span class=\"elementor-button-text\">Powr\u00f3t do strony g\u0142\u00f3wnej<\/span>\n\t\t\t\t\t<\/span>\n\t\t\t\t\t<\/a>\n\t\t\t\t<\/div>\n\t\t\t\t\t\t\t\t<\/div>\n\t\t\t\t<\/div>\n\t\t\t\t<div data-dce-background-color=\"#FFFFFF00\" class=\"elementor-element elementor-element-77dbad7 elementor-widget elementor-widget-button\" data-id=\"77dbad7\" data-element_type=\"widget\" data-e-type=\"widget\" data-widget_type=\"button.default\">\n\t\t\t\t<div class=\"elementor-widget-container\">\n\t\t\t\t\t\t\t\t\t<div class=\"elementor-button-wrapper\">\n\t\t\t\t\t<a class=\"elementor-button elementor-button-link elementor-size-sm\" href=\"https:\/\/office-samurai.com\/pl\/poznaj-nasz-zespol\/\">\n\t\t\t\t\t\t<span class=\"elementor-button-content-wrapper\">\n\t\t\t\t\t\t\t\t\t<span class=\"elementor-button-text\">Poznaj nasz zesp\u00f3\u0142<\/span>\n\t\t\t\t\t<\/span>\n\t\t\t\t\t<\/a>\n\t\t\t\t<\/div>\n\t\t\t\t\t\t\t\t<\/div>\n\t\t\t\t<\/div>\n\t\t\t\t<\/div>\n\t\t\t\t<\/div>\n\t\t\t\t<\/div>\n\t\t\t\t\t<\/div>\n\t\t\t\t<\/div>\n\t\t\t\t<\/div>\n\t\t","protected":false},"excerpt":{"rendered":"<p>\u015awietna robota! Dzi\u0119kujemy za zg\u0142oszenie &#8211; \u015bwietny ruch! Otrzymali\u015bmy Twoje CV &#8211; wkr\u00f3tce si\u0119 odezwiemy (obiecujemy, \u017ce nie b\u0119dzie to ghosting). W mi\u0119dzyczasie nagr\u00f3d\u017a si\u0119 kaw\u0105, zrelaksuj si\u0119 i dowiedz si\u0119 wi\u0119cej o tym, kim jeste\u015bmy i co robimy. Powr\u00f3t do strony g\u0142\u00f3wnej Poznaj nasz zesp\u00f3\u0142<\/p>\n","protected":false},"author":1,"featured_media":0,"parent":0,"menu_order":0,"comment_status":"closed","ping_status":"closed","template":"elementor_header_footer","meta":{"_acf_changed":false,"inline_featured_image":false,"footnotes":""},"class_list":["post-16981","page","type-page","status-publish","hentry"],"acf":[],"_links":{"self":[{"href":"https:\/\/office-samurai.com\/pl\/wp-json\/wp\/v2\/pages\/16981","targetHints":{"allow":["GET"]}}],"collection":[{"href":"https:\/\/office-samurai.com\/pl\/wp-json\/wp\/v2\/pages"}],"about":[{"href":"https:\/\/office-samurai.com\/pl\/wp-json\/wp\/v2\/types\/page"}],"author":[{"embeddable":true,"href":"https:\/\/office-samurai.com\/pl\/wp-json\/wp\/v2\/users\/1"}],"replies":[{"embeddable":true,"href":"https:\/\/office-samurai.com\/pl\/wp-json\/wp\/v2\/comments?post=16981"}],"version-history":[{"count":0,"href":"https:\/\/office-samurai.com\/pl\/wp-json\/wp\/v2\/pages\/16981\/revisions"}],"wp:attachment":[{"href":"https:\/\/office-samurai.com\/pl\/wp-json\/wp\/v2\/media?parent=16981"}],"curies":[{"name":"wp","href":"https:\/\/api.w.org\/{rel}","templated":true}]}}